{"id":1314,"date":"2017-10-18T19:20:40","date_gmt":"2017-10-18T17:20:40","guid":{"rendered":"https:\/\/lebrascommunication.fr\/ventes\/produit\/ic-m87\/"},"modified":"2026-02-13T14:23:12","modified_gmt":"2026-02-13T13:23:12","slug":"ic-m87","status":"publish","type":"product","link":"https:\/\/lebrascommunication.fr\/ventes\/produit\/ic-m87\/","title":{"rendered":"IC-M87"},"content":{"rendered":"<p><strong>Portatif analogique VHF ultra-compact avec grande autonomie, 97 canaux, con\u00e7u pour la marine.<\/strong><\/p>\n<p><strong>Caract\u00e9ristiques:<\/strong><\/p>\n<ul>\n<li>Portatif ultra compact (<span class=\"bodycopy\">62 x 97 x 39 mm<\/span>) et l\u00e9ger 280g<\/li>\n<li>Ecran r\u00e9tro\u00e9clair\u00e9<\/li>\n<li>Etanch\u00e9it\u00e9 : IPX7<\/li>\n<li>Utilisation intuitive et \u00e0 une main<\/li>\n<li>Puissance : 5W<\/li>\n<li>Autonomie : 15h avec la batterie d&rsquo;origine (BP-227 Li-lon de 1700mAh)<\/li>\n<li>Possibilit\u00e9 de raccorder micro (HM-138) et casques \u00e9tanche<\/li>\n<li>Fonction SCAN et contr\u00f4le automatique<\/li>\n<li>Canaux priv\u00e9s terrestres (PMR) ce talkie offre 22 canaux m\u00e9moire terrestres programmables permettant de communiquer avec un parc de portatifs professionnels sur des fr\u00e9quences PMR*<\/li>\n<\/ul>\n<ul>\n<li>Fonction fluvial ATIS*<\/li>\n<\/ul>\n<p><em>(*)<\/em> Ces fonctions doivent \u00eatre programm\u00e9es par nos soins avant utilisation.<\/p>\n<p><strong>Bandes de fr\u00e9quence:\u00a0<span class=\"bodycopy\">VHF 156-163.425MHz<br \/>\n<\/span><\/strong><\/p>\n<p><strong>Poids: 280g<\/strong><\/p>\n<p>&nbsp;<\/p>\n<p><strong>Le pack standard comprend :<br \/>\n<\/strong><\/p>\n<ul>\n<li>Un portatif<\/li>\n<li>Une antenne longue VHF\u00a0150-174 MHz (r\u00e9f: FA-S59V)<\/li>\n<\/ul>\n<ul>\n<li>Une batterie Li-Ion 1700 mAh (r\u00e9f: BP-227)<\/li>\n<\/ul>\n<ul>\n<li>Une alimentation secteur pour chargeur 12V 200mAh (r\u00e9f: BC-147SE)<\/li>\n<li>Un chargeur (r\u00e9f: BC-152N)<\/li>\n<\/ul>\n<ul>\n<li>Une pince de ceinture (r\u00e9f: MB-86)<\/li>\n<li>Un guide d&rsquo;utilisation<\/li>\n<\/ul>\n<p>Fabrication japonaise.<\/p>\n<p>Ce produit est garantit 3 ans. Nos conditions de garantie sont souples (voir les conditions g\u00e9n\u00e9rales de vente).<\/p>\n<h5><\/h5>\n<h5><\/h5>\n","protected":false},"excerpt":{"rendered":"<p><strong>Portatif analogique VHF ultra-compact, 97 canaux, con\u00e7u pour la marine.<br \/>\n<\/strong><\/p>\n","protected":false},"featured_media":1270,"template":"","meta":[],"product_brand":[3077],"product_cat":[3144],"product_tag":[3496,3585,3548,3280],"class_list":{"0":"post-1314","1":"product","2":"type-product","3":"status-publish","4":"has-post-thumbnail","6":"product_brand-icom","7":"product_cat-talkies-pro-icom-talkies-pro-icom","8":"product_tag-analogique","9":"product_tag-ic-m87","10":"product_tag-marine","11":"product_tag-vhf","13":"first","14":"instock","15":"shipping-taxable","16":"purchasable","17":"product-type-simple"},"_links":{"self":[{"href":"https:\/\/lebrascommunication.fr\/ventes\/wp-json\/wp\/v2\/product\/1314","targetHints":{"allow":["GET"]}}],"collection":[{"href":"https:\/\/lebrascommunication.fr\/ventes\/wp-json\/wp\/v2\/product"}],"about":[{"href":"https:\/\/lebrascommunication.fr\/ventes\/wp-json\/wp\/v2\/types\/product"}],"wp:featuredmedia":[{"embeddable":true,"href":"https:\/\/lebrascommunication.fr\/ventes\/wp-json\/wp\/v2\/media\/1270"}],"wp:attachment":[{"href":"https:\/\/lebrascommunication.fr\/ventes\/wp-json\/wp\/v2\/media?parent=1314"}],"wp:term":[{"taxonomy":"product_brand","embeddable":true,"href":"https:\/\/lebrascommunication.fr\/ventes\/wp-json\/wp\/v2\/product_brand?post=1314"},{"taxonomy":"product_cat","embeddable":true,"href":"https:\/\/lebrascommunication.fr\/ventes\/wp-json\/wp\/v2\/product_cat?post=1314"},{"taxonomy":"product_tag","embeddable":true,"href":"https:\/\/lebrascommunication.fr\/ventes\/wp-json\/wp\/v2\/product_tag?post=1314"}],"curies":[{"name":"wp","href":"https:\/\/api.w.org\/{rel}","templated":true}]}}