{"id":1313,"date":"2020-08-26T15:06:02","date_gmt":"2020-08-26T13:06:02","guid":{"rendered":"https:\/\/lebrascommunication.fr\/ventes\/produit\/logiciel-supervision-trbonet-plus-2\/"},"modified":"2026-02-20T10:23:50","modified_gmt":"2026-02-20T09:23:50","slug":"logiciel-supervision-trbonet-plus-2","status":"publish","type":"product","link":"https:\/\/lebrascommunication.fr\/ventes\/produit\/logiciel-supervision-trbonet-plus-2\/","title":{"rendered":"Logiciel supervision Trbonet Plus"},"content":{"rendered":"<p>Logiciel de supervision\u00a0radios Trbonet\u00a0Plus pour radios DMR Motorola (Mototrbo) et smartphones (option payante).<\/p>\n<p>Ce logiciel permet la communication, la localisation, la gestion des alarmes et des missions de vos \u00e9quipes sur le terrain depuis votre centre de commande.<\/p>\n<p>Modulable \u00e0 volont\u00e9 gr\u00e2ce \u00e0 sa structure bas\u00e9e sur l&rsquo;IP, vous pouvez choisir le nombre de dispatcheurs sur diff\u00e9rents sites, pr\u00e9voir un serveur de secours, connecter plusieurs r\u00e9seaux radio de diff\u00e9rentes marques, relier des canaux entre eux, acc\u00e9der aux cam\u00e9ras depuis la cartographie, relier les smartphones pour communiquer avec votre r\u00e9seau et r\u00e9cup\u00e9rer la localisation&#8230;<\/p>\n<p>L&rsquo;ordinateur ainsi que les \u00e9crans ne sont pas fournis. Pour connecter votre r\u00e9seau radio, vous devez avoir vos ordinateur, serveurs, et relais\u00a0connect\u00e9s sur\u00a0r\u00e9seau priv\u00e9 ou internet.<\/p>\n<p><strong>Pack standard :<\/strong><\/p>\n<ul>\n<li>10 licences radios<\/li>\n<li>licence pour 1 Dispatcheur (interface de communication)<\/li>\n<li>licence pour 1 serveur<\/li>\n<li>1 an de mise a jour<\/li>\n<\/ul>\n<p><strong><br \/>\nCaract\u00e9ristiques :<\/strong><\/p>\n<ul>\n<li>dispatcheur voix\/canaux sur interface intuitive<\/li>\n<li>gestion de flotte<\/li>\n<li>ordres de missions<\/li>\n<li>alarmes volontaire ou sur perte de verticalit\u00e9 (PTI)<\/li>\n<li>enregistrement des \u00e9v\u00e9nements<\/li>\n<li>messages texte<\/li>\n<\/ul>\n<p><strong><br \/>\nCompatibilit\u00e9 (licence \u00e0 acheter s\u00e9par\u00e9ment):<\/strong><\/p>\n<ul>\n<li>IP Site Connect via r\u00e9seau priv\u00e9 ou internet (GMVN6029A)<\/li>\n<li>Capacity Plus via r\u00e9seau priv\u00e9 ou internet (GMVN6030A)<\/li>\n<li>Capacity Plus Multisite (LCP) via r\u00e9seau priv\u00e9 ou internet (GMVN6031A)<\/li>\n<li>Connect Plus via r\u00e9seau priv\u00e9 ou internet (GMVN6032A)<\/li>\n<li>Capacity Max via r\u00e9seau priv\u00e9 ou internet (GMVN6155A)<\/li>\n<li>System Bridge pour connecter diff\u00e9rent\u00a0infrastructures Trbonet (GMVN6033A)<\/li>\n<\/ul>\n<p><strong>Options et licences s\u00e9par\u00e9es :<\/strong><\/p>\n<ul>\n<li>licence radio suppl\u00e9mentaire, 1 \u00e0 100 unit\u00e9s (GMVN6034A)<\/li>\n<li>licence radio suppl\u00e9mentaire,\u00a0101 \u00e0 300 unit\u00e9s (GMVN6035A)<\/li>\n<li>licence radio suppl\u00e9mentaire, 301 \u00e0 600 unit\u00e9s (GMVN6036A)<\/li>\n<li>licence radio suppl\u00e9mentaire, plus de 600\u00a0unit\u00e9s (GMVN6037A)<\/li>\n<li>licence dispatcheur suppl\u00e9mentaire (GMVN6038A)<\/li>\n<li>connexion serveur additionnel (GMVN6039)<\/li>\n<li>connexion serveur de secours (GMVN6154A)<\/li>\n<li>licence localisation\u00a0GPS, rondier et geofencing (GMVN6042A)<\/li>\n<li>licence localisation en int\u00e9rieur (n\u00e9cessite l&rsquo;installation de e-beacon) (GMVN6120A)<\/li>\n<li>licence enregistrement des conversations (GMVN6041A)<\/li>\n<li>interconnexion t\u00e9l\u00e9phonique SIP 2.0\/SIP Trunk pour 10 lignes simultan\u00e9es (GMVN6121A)<\/li>\n<li>interconnexion t\u00e9l\u00e9phonique SIP 2.0\/SIP Trunk pour 20 lignes simultan\u00e9es (GMVN6122A)<\/li>\n<li>gestionnaire d&rsquo;alarmes avanc\u00e9 (GMVN6119A)<\/li>\n<li>licence cryptage AES-256 (GMVN6095A)<\/li>\n<li>carte de couverture radio (GMVN6043A)<\/li>\n<li>licence connexion cam\u00e9ras IP avec acc\u00e8s \u00e0 5 cam\u00e9ras (TN1029M)<\/li>\n<li>connexion cam\u00e9ra IP suppl\u00e9mentaire (TN1029S)<\/li>\n<li>licence connexion smartphones avec 5 smartphones (TN1030M)<\/li>\n<li>licence connexion smartphone suppl\u00e9mentaire (TN1030S)<\/li>\n<li>licence internet client, 5 connexions (GMVN6118A)<\/li>\n<li>mise \u00e0 jour annuelle connexion IP site connect (GMVN6150A)<\/li>\n<li>mise \u00e0 jour\u00a0annuelle connexion Capacity Plus (GMVN6151A)<\/li>\n<li>mise \u00e0 jour\u00a0annuelle connexion Capacity Plus Multisite\u00a0(GMVN6152A)<\/li>\n<li>mise \u00e0 jour\u00a0annuelle connexion Connect Plus (GMVN6153A)<\/li>\n<li>mise \u00e0 jour\u00a0annuelle connexion Capacity Max (GMVN6175A)<\/li>\n<\/ul>\n","protected":false},"excerpt":{"rendered":"<p>Logiciel de supervision\u00a0radios DMR Motorola.<\/p>\n","protected":false},"featured_media":1297,"template":"","meta":[],"product_brand":[3074],"product_cat":[3184],"product_tag":[3605,3247,3259,3949,3948],"class_list":{"0":"post-1313","1":"product","2":"type-product","3":"status-publish","4":"has-post-thumbnail","6":"product_brand-motorola","7":"product_cat-slr1000","8":"product_tag-dmr","9":"product_tag-logiciel","10":"product_tag-motorola","11":"product_tag-smartphones","12":"product_tag-trbonet-plus","14":"first","15":"instock","16":"shipping-taxable","17":"purchasable","18":"product-type-simple"},"_links":{"self":[{"href":"https:\/\/lebrascommunication.fr\/ventes\/wp-json\/wp\/v2\/product\/1313","targetHints":{"allow":["GET"]}}],"collection":[{"href":"https:\/\/lebrascommunication.fr\/ventes\/wp-json\/wp\/v2\/product"}],"about":[{"href":"https:\/\/lebrascommunication.fr\/ventes\/wp-json\/wp\/v2\/types\/product"}],"wp:featuredmedia":[{"embeddable":true,"href":"https:\/\/lebrascommunication.fr\/ventes\/wp-json\/wp\/v2\/media\/1297"}],"wp:attachment":[{"href":"https:\/\/lebrascommunication.fr\/ventes\/wp-json\/wp\/v2\/media?parent=1313"}],"wp:term":[{"taxonomy":"product_brand","embeddable":true,"href":"https:\/\/lebrascommunication.fr\/ventes\/wp-json\/wp\/v2\/product_brand?post=1313"},{"taxonomy":"product_cat","embeddable":true,"href":"https:\/\/lebrascommunication.fr\/ventes\/wp-json\/wp\/v2\/product_cat?post=1313"},{"taxonomy":"product_tag","embeddable":true,"href":"https:\/\/lebrascommunication.fr\/ventes\/wp-json\/wp\/v2\/product_tag?post=1313"}],"curies":[{"name":"wp","href":"https:\/\/api.w.org\/{rel}","templated":true}]}}