{"id":1309,"date":"2020-08-26T11:57:55","date_gmt":"2020-08-26T09:57:55","guid":{"rendered":"https:\/\/lebrascommunication.fr\/ventes\/produit\/cable-de-programmation-6\/"},"modified":"2026-01-27T14:24:03","modified_gmt":"2026-01-27T13:24:03","slug":"cable-de-programmation-6","status":"publish","type":"product","link":"https:\/\/lebrascommunication.fr\/ventes\/produit\/cable-de-programmation-6\/","title":{"rendered":"C\u00e2ble de programmation"},"content":{"rendered":"<p>Ce c\u00e2ble est n\u00e9cessaire pour connecter une console de test\u00a0RLN4460C.<\/p>\n","protected":false},"excerpt":{"rendered":"<p>C\u00e2bles de programmation pour\u00a0DP1400<\/p>\n","protected":false},"featured_media":0,"template":"","meta":[],"product_brand":[3074],"product_cat":[3176,3163],"product_tag":[3577,3242,3776],"class_list":{"0":"post-1309","1":"product","2":"type-product","3":"status-publish","5":"product_brand-motorola","6":"product_cat-r2-dp1400","7":"product_cat-accessoires-talkies-motorola","8":"product_tag-cable-de-programmation","9":"product_tag-dp1400","10":"product_tag-rln4460c","12":"first","13":"instock","14":"shipping-taxable","15":"purchasable","16":"product-type-simple"},"_links":{"self":[{"href":"https:\/\/lebrascommunication.fr\/ventes\/wp-json\/wp\/v2\/product\/1309","targetHints":{"allow":["GET"]}}],"collection":[{"href":"https:\/\/lebrascommunication.fr\/ventes\/wp-json\/wp\/v2\/product"}],"about":[{"href":"https:\/\/lebrascommunication.fr\/ventes\/wp-json\/wp\/v2\/types\/product"}],"wp:attachment":[{"href":"https:\/\/lebrascommunication.fr\/ventes\/wp-json\/wp\/v2\/media?parent=1309"}],"wp:term":[{"taxonomy":"product_brand","embeddable":true,"href":"https:\/\/lebrascommunication.fr\/ventes\/wp-json\/wp\/v2\/product_brand?post=1309"},{"taxonomy":"product_cat","embeddable":true,"href":"https:\/\/lebrascommunication.fr\/ventes\/wp-json\/wp\/v2\/product_cat?post=1309"},{"taxonomy":"product_tag","embeddable":true,"href":"https:\/\/lebrascommunication.fr\/ventes\/wp-json\/wp\/v2\/product_tag?post=1309"}],"curies":[{"name":"wp","href":"https:\/\/api.w.org\/{rel}","templated":true}]}}