{"id":128,"date":"2016-02-15T17:13:08","date_gmt":"2016-02-15T16:13:08","guid":{"rendered":"https:\/\/lebrascommunication.fr\/ventes\/produit\/micro-oreillette-contour-2\/"},"modified":"2025-12-31T10:57:42","modified_gmt":"2025-12-31T09:57:42","slug":"micro-oreillette-contour-2","status":"publish","type":"product","link":"https:\/\/lebrascommunication.fr\/ventes\/produit\/micro-oreillette-contour-2\/","title":{"rendered":"Micro-oreillette contour"},"content":{"rendered":"<p>Micro-oreillette contour mi-souple pour s\u00e9ries DP3000, DP4000.<\/p>\n<p><strong>Caract\u00e9ristiques :<\/strong><\/p>\n<ul>\n<li>Utilisation : Re\u00e7oit et transmet<\/li>\n<li>Alternat (Push To Talk) : en ligne sur le micro<\/li>\n<li>D\u00e9clenchement par la voix (VOX) :\u00a0oui<\/li>\n<li>Micro : oui (cravate)<\/li>\n<li>Nombre de fils : 1<\/li>\n<li>Couleur : Noir<\/li>\n<li>Type d&rsquo;\u00e9couteur : G contour mi souple.<\/li>\n<li>Standard de s\u00e9curit\u00e9 intrins\u00e8que : non<\/li>\n<\/ul>\n","protected":false},"excerpt":{"rendered":"<p>Micro-oreillette contour mi-souple pour series DP3000, DP4000.<\/p>\n","protected":false},"featured_media":3681,"template":"","meta":[],"product_brand":[3074],"product_cat":[3179,3163],"product_tag":[3192,3225,3334],"class_list":{"0":"post-128","1":"product","2":"type-product","3":"status-publish","4":"has-post-thumbnail","6":"product_brand-motorola","7":"product_cat-dp3000e","8":"product_cat-accessoires-talkies-motorola","9":"product_tag-dp3000","10":"product_tag-dp4000","11":"product_tag-micro-oreillette","13":"first","14":"instock","15":"shipping-taxable","16":"purchasable","17":"product-type-simple"},"_links":{"self":[{"href":"https:\/\/lebrascommunication.fr\/ventes\/wp-json\/wp\/v2\/product\/128","targetHints":{"allow":["GET"]}}],"collection":[{"href":"https:\/\/lebrascommunication.fr\/ventes\/wp-json\/wp\/v2\/product"}],"about":[{"href":"https:\/\/lebrascommunication.fr\/ventes\/wp-json\/wp\/v2\/types\/product"}],"wp:featuredmedia":[{"embeddable":true,"href":"https:\/\/lebrascommunication.fr\/ventes\/wp-json\/wp\/v2\/media\/3681"}],"wp:attachment":[{"href":"https:\/\/lebrascommunication.fr\/ventes\/wp-json\/wp\/v2\/media?parent=128"}],"wp:term":[{"taxonomy":"product_brand","embeddable":true,"href":"https:\/\/lebrascommunication.fr\/ventes\/wp-json\/wp\/v2\/product_brand?post=128"},{"taxonomy":"product_cat","embeddable":true,"href":"https:\/\/lebrascommunication.fr\/ventes\/wp-json\/wp\/v2\/product_cat?post=128"},{"taxonomy":"product_tag","embeddable":true,"href":"https:\/\/lebrascommunication.fr\/ventes\/wp-json\/wp\/v2\/product_tag?post=128"}],"curies":[{"name":"wp","href":"https:\/\/api.w.org\/{rel}","templated":true}]}}