{"id":1269,"date":"2017-10-18T17:05:15","date_gmt":"2017-10-18T15:05:15","guid":{"rendered":"https:\/\/lebrascommunication.fr\/ventes\/produit\/ic-m35\/"},"modified":"2026-01-16T16:10:26","modified_gmt":"2026-01-16T15:10:26","slug":"ic-m35","status":"publish","type":"product","link":"https:\/\/lebrascommunication.fr\/ventes\/produit\/ic-m35\/","title":{"rendered":"IC-M35"},"content":{"rendered":"<p><strong>Portatif analogique VHF 6W, 70 canaux, con\u00e7u pour la marine.<\/strong><\/p>\n<p><strong>Caract\u00e9ristiques:<\/strong><\/p>\n<ul>\n<li>Grand \u00e9cran r\u00e9tro\u00e9clair\u00e9<\/li>\n<li>Etanch\u00e9it\u00e9 : IPX7<\/li>\n<li>Flottant<\/li>\n<li>Puissance\u00a0 6W<\/li>\n<li>Puissance audio : 700mW<\/li>\n<li>Autonomie :\u00a08h avec la batterie BP-252 Li-lon de 980mAh. (Selon le ratio suivant : Emission\/R\u00e9ception\/Veille : 5 % ; 5 % ; 90 %)<\/li>\n<li>Possibilit\u00e9 de raccorder un micro \u00e0 main \u00e9tanche (HM-165)<\/li>\n<li>Fonction \u00ab\u00a0noise cancelling\u00a0\u00bb : Suppression automatique du bruit ambiant<\/li>\n<li>Ajustage automatique du volume en milieu bruyant : le microphone diff\u00e9rentiel d\u00e9tecte le bruit ambiant et augmente automatiquement le volume<\/li>\n<li>AquaQuake automatique : Ejection d\u2019eau par infrasons, pour \u201cs\u00e9cher\u201d le micro et le haut-parleur. S&rsquo;active automatiquement d\u00e8s la sortie de l&rsquo;eau<\/li>\n<\/ul>\n<ul>\n<li>Fonction Volume Loud : permet de monter temporairement le volume \u00e0 fond.<\/li>\n<li>Fonction Volume Mute : permet de descendre temporairement le volume au maximum<\/li>\n<li>Fonction fluvial ATIS*<\/li>\n<\/ul>\n<p><em>(*)<\/em> Ces fonctions doivent \u00eatre programm\u00e9es par nos soins avant utilisation.<\/p>\n<p><strong>Bandes de fr\u00e9quence:\u00a0<span class=\"bodycopy\">VHF 156-163.425MHz<br \/>\n<\/span><\/strong><\/p>\n<p><strong>Poids: 295g<\/strong><\/p>\n<p>&nbsp;<\/p>\n<p><strong>Le pack standard comprend :<br \/>\n<\/strong><\/p>\n<ul>\n<li>Un portatif<\/li>\n<li>Une antenne VHF 146-174MHZ de type J<\/li>\n<\/ul>\n<ul>\n<li>Une batterie Li-Ion 7,4V 980 mAh (r\u00e9f: BP-252)<\/li>\n<\/ul>\n<ul>\n<li>Une alimentation secteur pour chargeur 12V 200mAh (r\u00e9f: BC-147SE)<\/li>\n<li>Un chargeur (r\u00e9f: BC-173)<\/li>\n<\/ul>\n<ul>\n<li>Une pince de ceinture (r\u00e9f: MB-109)<\/li>\n<li>Un guide d&rsquo;utilisation<\/li>\n<\/ul>\n<p>Fabrication japonaise.<\/p>\n<p>Ce produit est garantit 3 ans. Nos conditions de garantie sont souples (voir les conditions g\u00e9n\u00e9rales de vente).<\/p>\n<h5><\/h5>\n<h5><\/h5>\n","protected":false},"excerpt":{"rendered":"<p><strong>Portatif analogique VHF 6W, 70 canaux, con\u00e7u pour la marine.<br \/>\n<\/strong><\/p>\n","protected":false},"featured_media":1245,"template":"","meta":[],"product_brand":[3077],"product_cat":[3144],"product_tag":[3613,3496,3612,3280],"class_list":{"0":"post-1269","1":"product","2":"type-product","3":"status-publish","4":"has-post-thumbnail","6":"product_brand-icom","7":"product_cat-talkies-pro-icom-talkies-pro-icom","8":"product_tag-6w","9":"product_tag-analogique","10":"product_tag-ic-m35","11":"product_tag-vhf","13":"first","14":"instock","15":"shipping-taxable","16":"purchasable","17":"product-type-simple"},"_links":{"self":[{"href":"https:\/\/lebrascommunication.fr\/ventes\/wp-json\/wp\/v2\/product\/1269","targetHints":{"allow":["GET"]}}],"collection":[{"href":"https:\/\/lebrascommunication.fr\/ventes\/wp-json\/wp\/v2\/product"}],"about":[{"href":"https:\/\/lebrascommunication.fr\/ventes\/wp-json\/wp\/v2\/types\/product"}],"wp:featuredmedia":[{"embeddable":true,"href":"https:\/\/lebrascommunication.fr\/ventes\/wp-json\/wp\/v2\/media\/1245"}],"wp:attachment":[{"href":"https:\/\/lebrascommunication.fr\/ventes\/wp-json\/wp\/v2\/media?parent=1269"}],"wp:term":[{"taxonomy":"product_brand","embeddable":true,"href":"https:\/\/lebrascommunication.fr\/ventes\/wp-json\/wp\/v2\/product_brand?post=1269"},{"taxonomy":"product_cat","embeddable":true,"href":"https:\/\/lebrascommunication.fr\/ventes\/wp-json\/wp\/v2\/product_cat?post=1269"},{"taxonomy":"product_tag","embeddable":true,"href":"https:\/\/lebrascommunication.fr\/ventes\/wp-json\/wp\/v2\/product_tag?post=1269"}],"curies":[{"name":"wp","href":"https:\/\/api.w.org\/{rel}","templated":true}]}}