{"id":1265,"date":"2020-08-25T11:18:09","date_gmt":"2020-08-25T09:18:09","guid":{"rendered":"https:\/\/lebrascommunication.fr\/ventes\/produit\/logiciel-supervision-trbonet-enterprise\/"},"modified":"2026-02-19T16:58:34","modified_gmt":"2026-02-19T15:58:34","slug":"logiciel-supervision-trbonet-enterprise","status":"publish","type":"product","link":"https:\/\/lebrascommunication.fr\/ventes\/produit\/logiciel-supervision-trbonet-enterprise\/","title":{"rendered":"Logiciel supervision Trbonet Enterprise"},"content":{"rendered":"<p>Logiciel de supervision\u00a0radios Trbonet Enterprise pour radios DMR Motorola (Mototrbo) et smartphones (option payante).<\/p>\n<p>Ce logiciel permet la communication, la localisation, la gestion des alarmes et des missions de vos \u00e9quipes sur le terrain depuis votre centre de commande.<\/p>\n<p>Modulable \u00e0 volont\u00e9 gr\u00e2ce \u00e0 sa structure bas\u00e9e sur l&rsquo;IP, vous pouvez choisir le nombre de dispatcheurs sur diff\u00e9rents sites, pr\u00e9voir un serveur de secours, connecter plusieurs r\u00e9seaux radio de diff\u00e9rentes marques, relier des canaux entre eux, acc\u00e9der aux cam\u00e9ras depuis la cartographie, relier les smartphones pour communiquer avec votre r\u00e9seau et r\u00e9cup\u00e9rer la localisation&#8230;<\/p>\n<p>L&rsquo;ordinateur ainsi que les \u00e9crans ne sont pas fournis. Pour connecter votre r\u00e9seau radio, vous devez avoir les c\u00e2bles USB de connexion aux mobiles et bases, ou connecter votre ordinateur et vos relais en r\u00e9seau priv\u00e9 ou internet.<\/p>\n<p><strong>Pack standard :<\/strong><\/p>\n<ul>\n<li>15 licences radios<\/li>\n<li>connexion \u00e0 2 mobiles\/bases (USB) ou 1 relais ma\u00eetre (IP)<\/li>\n<li>licence pour 1 Dispatcheur (interface de communication)<\/li>\n<li>licence pour 1 serveur<\/li>\n<li>1 an de mise a jour<\/li>\n<\/ul>\n<p><strong><br \/>\nCaract\u00e9ristiques :<\/strong><\/p>\n<ul>\n<li>dispatcheur voix\/canaux sur interface intuitive<\/li>\n<li>enregistrement des conversations<\/li>\n<li>localisation GPS<\/li>\n<li>alarmes volontaire ou sur perte de verticalit\u00e9 (PTI)<\/li>\n<li>enregistrement des \u00e9v\u00e9nements<\/li>\n<li>geofencing (zone \u00e0 ne pas quitter ou interdite)<\/li>\n<li>messages texte<\/li>\n<\/ul>\n<p><strong><br \/>\nCompatibilit\u00e9 :<br \/>\n<\/strong><\/p>\n<ul>\n<li>Via mobile en USB:\u00a0tous les syst\u00e8mes DMR Motorola<\/li>\n<li>Via r\u00e9seau priv\u00e9 ou internet: conventionnel ou IP Site Connect<\/li>\n<\/ul>\n<p><strong>Options et licences s\u00e9par\u00e9es :<\/strong><\/p>\n<ul>\n<li>licence radio suppl\u00e9mentaire, 1 \u00e0 200 unit\u00e9s (TN1002-1)<\/li>\n<li>licence radio suppl\u00e9mentaire, 201 \u00e0 500 unit\u00e9s (TN1002-2)<\/li>\n<li>licence radio suppl\u00e9mentaire, plus de 500 unit\u00e9s (TN1002-3)<\/li>\n<li>licence dispatcheur suppl\u00e9mentaire, 1 ou 2 unit\u00e9s (TN1003-1)<\/li>\n<li>licence dispatcheur suppl\u00e9mentaire, 3 \u00e0 8 unit\u00e9s (TN1003-2)<\/li>\n<li>licence dispatcheur suppl\u00e9mentaire, plus de 8 unit\u00e9s (TN1003-4)<\/li>\n<li>connexion serveur additionnel ou de secours (TN1020)<\/li>\n<li>connexion base\/mobile ou passerelle SWIFT IP suppl\u00e9mentaire (TN1004)<\/li>\n<li>connexion IP \u00e0 un relais ma\u00eetre suppl\u00e9mentaire (TN1006)<\/li>\n<li>localisation en int\u00e9rieur (avec balises e-beacon) (TN1007)<\/li>\n<li>ordres ou tickets de mission (TN1008)<\/li>\n<li>interconnexion t\u00e9l\u00e9phonique SIP 2.0\/SIP Trunk (TN1015)<\/li>\n<li>gestion des rondes (TN1016)<\/li>\n<li>gestionnaire d&rsquo;alarmes avanc\u00e9 (TN1025)<\/li>\n<li>carte de couverture radio (TN1026)<\/li>\n<li>licence connexion cam\u00e9ras IP avec acc\u00e8s \u00e0 5 cam\u00e9ras (TN1029M)<\/li>\n<li>connexion cam\u00e9ra IP suppl\u00e9mentaire (TN1029S)<\/li>\n<li>licence connexion smartphones avec 5 smartphones (TN1030M)<\/li>\n<li>licence connexion smartphone suppl\u00e9mentaire (TN1030S)<\/li>\n<li>licence internet client, 1 connexion (TN1050-1)<\/li>\n<li>licence internet client, 5 connexions (TN1050-2)<\/li>\n<li>licence internet client, 10 connexions (TN1050-3)<\/li>\n<li>mise \u00e0 jour version 2.x ou ant\u00e9rieur \u00e0 la version actuelle (TN1012-1)<\/li>\n<li>mise \u00e0 jour version 3.x \u00e0 la version actuelle (TN1012-2)<\/li>\n<li>mise \u00e0 jour version 4.x \u00e0 la version actuelle (TN1012-3)<\/li>\n<li>mise \u00e0 jour version 5.x \u00e0 la version actuelle (TN1012-4)<\/li>\n<li>abonnement 1 an aux mise \u00e0 jour (TN1010)<\/li>\n<li>souscription au support premium (TN1110)<\/li>\n<\/ul>\n","protected":false},"excerpt":{"rendered":"<p>Logiciel de supervision\u00a0radios DMR Motorola.<\/p>\n","protected":false},"featured_media":1249,"template":"","meta":[],"product_brand":[3074],"product_cat":[3163,3088,3096],"product_tag":[3247,3945],"class_list":{"0":"post-1265","1":"product","2":"type-product","3":"status-publish","4":"has-post-thumbnail","6":"product_brand-motorola","7":"product_cat-accessoires-talkies-motorola","8":"product_cat-accessoires-pour-bases-ou-mobiles-motorola","9":"product_cat-accessoires-relais-motorola","10":"product_tag-logiciel","11":"product_tag-trbonet","13":"first","14":"instock","15":"shipping-taxable","16":"purchasable","17":"product-type-simple"},"_links":{"self":[{"href":"https:\/\/lebrascommunication.fr\/ventes\/wp-json\/wp\/v2\/product\/1265","targetHints":{"allow":["GET"]}}],"collection":[{"href":"https:\/\/lebrascommunication.fr\/ventes\/wp-json\/wp\/v2\/product"}],"about":[{"href":"https:\/\/lebrascommunication.fr\/ventes\/wp-json\/wp\/v2\/types\/product"}],"wp:featuredmedia":[{"embeddable":true,"href":"https:\/\/lebrascommunication.fr\/ventes\/wp-json\/wp\/v2\/media\/1249"}],"wp:attachment":[{"href":"https:\/\/lebrascommunication.fr\/ventes\/wp-json\/wp\/v2\/media?parent=1265"}],"wp:term":[{"taxonomy":"product_brand","embeddable":true,"href":"https:\/\/lebrascommunication.fr\/ventes\/wp-json\/wp\/v2\/product_brand?post=1265"},{"taxonomy":"product_cat","embeddable":true,"href":"https:\/\/lebrascommunication.fr\/ventes\/wp-json\/wp\/v2\/product_cat?post=1265"},{"taxonomy":"product_tag","embeddable":true,"href":"https:\/\/lebrascommunication.fr\/ventes\/wp-json\/wp\/v2\/product_tag?post=1265"}],"curies":[{"name":"wp","href":"https:\/\/api.w.org\/{rel}","templated":true}]}}