{"id":1244,"date":"2020-08-20T12:59:41","date_gmt":"2020-08-20T10:59:41","guid":{"rendered":"https:\/\/lebrascommunication.fr\/ventes\/produit\/antenne-gpsglonass-multi-fixation\/"},"modified":"2026-02-19T12:39:12","modified_gmt":"2026-02-19T11:39:12","slug":"antenne-gpsglonass-multi-fixation","status":"publish","type":"product","link":"https:\/\/lebrascommunication.fr\/ventes\/produit\/antenne-gpsglonass-multi-fixation\/","title":{"rendered":"Antenne GPS\/GLONASS multi-fixation"},"content":{"rendered":"<p>Antenne GPS et Glonass destin\u00e9e aux utilisateurs poss\u00e9dant d\u00e9j\u00e0 des antennes mobiles et d\u00e9sireux d&rsquo;ajouter une fonctionnalit\u00e9 GPS.<\/p>\n<p>Cette antenne autonome discr\u00e8te est \u00e9quip\u00e9e\u00a0de trois type de fixation: adh\u00e9sive, magn\u00e9tique, ou \u00e0 visser.<\/p>\n<p><strong>Caract\u00e9ristiques:<\/strong><\/p>\n<ul>\n<li>Fr\u00e9quences : GPS et GLONASS<\/li>\n<li>Gain : 3dB<\/li>\n<li>Connecteur : SMA<\/li>\n<li>Dimensions : 51 mm x 44 mm x 14 mm<\/li>\n<\/ul>\n","protected":false},"excerpt":{"rendered":"<p>Antenne\u00a0GPS\/GLONASS\u00a0multi-fixation connecteur SMA<\/p>\n","protected":false},"featured_media":1243,"template":"","meta":[],"product_brand":[3074],"product_cat":[3088],"product_tag":[3202,3757,3355,3890,3230,3464,3891,3465,3889,3755],"class_list":{"0":"post-1244","1":"product","2":"type-product","3":"status-publish","4":"has-post-thumbnail","6":"product_brand-motorola","7":"product_cat-accessoires-pour-bases-ou-mobiles-motorola","8":"product_tag-antenne","9":"product_tag-dm3000","10":"product_tag-dm4400","11":"product_tag-dm4400e","12":"product_tag-dm4401","13":"product_tag-dm4401e","14":"product_tag-dm4600e","15":"product_tag-dm4601e","16":"product_tag-glonass","17":"product_tag-gps","19":"first","20":"instock","21":"shipping-taxable","22":"purchasable","23":"product-type-simple"},"_links":{"self":[{"href":"https:\/\/lebrascommunication.fr\/ventes\/wp-json\/wp\/v2\/product\/1244","targetHints":{"allow":["GET"]}}],"collection":[{"href":"https:\/\/lebrascommunication.fr\/ventes\/wp-json\/wp\/v2\/product"}],"about":[{"href":"https:\/\/lebrascommunication.fr\/ventes\/wp-json\/wp\/v2\/types\/product"}],"wp:featuredmedia":[{"embeddable":true,"href":"https:\/\/lebrascommunication.fr\/ventes\/wp-json\/wp\/v2\/media\/1243"}],"wp:attachment":[{"href":"https:\/\/lebrascommunication.fr\/ventes\/wp-json\/wp\/v2\/media?parent=1244"}],"wp:term":[{"taxonomy":"product_brand","embeddable":true,"href":"https:\/\/lebrascommunication.fr\/ventes\/wp-json\/wp\/v2\/product_brand?post=1244"},{"taxonomy":"product_cat","embeddable":true,"href":"https:\/\/lebrascommunication.fr\/ventes\/wp-json\/wp\/v2\/product_cat?post=1244"},{"taxonomy":"product_tag","embeddable":true,"href":"https:\/\/lebrascommunication.fr\/ventes\/wp-json\/wp\/v2\/product_tag?post=1244"}],"curies":[{"name":"wp","href":"https:\/\/api.w.org\/{rel}","templated":true}]}}