{"id":1240,"date":"2017-10-18T14:40:10","date_gmt":"2017-10-18T12:40:10","guid":{"rendered":"https:\/\/lebrascommunication.fr\/ventes\/produit\/ic-m25deuro\/"},"modified":"2026-01-09T15:23:14","modified_gmt":"2026-01-09T14:23:14","slug":"ic-m25deuro","status":"publish","type":"product","link":"https:\/\/lebrascommunication.fr\/ventes\/produit\/ic-m25deuro\/","title":{"rendered":"IC-M25DEURO"},"content":{"rendered":"<p><strong>Portatif analogique VHF compact avec \u00e9cran, con\u00e7u pour la marine.<\/strong><\/p>\n<p><strong>Caract\u00e9ristiques:<\/strong><\/p>\n<ul>\n<li>Disponible en trois couleurs : Blanc, gris ou bleu<\/li>\n<li>Grand \u00e9cran r\u00e9tro\u00e9clair\u00e9<\/li>\n<li>Etanch\u00e9it\u00e9 : IPX7<\/li>\n<li>Flottant<\/li>\n<li>AquaQuake automatique : Ejection d\u2019eau par infrasons, pour \u201cs\u00e9cher\u201d le micro et le haut-parleur. S&rsquo;active automatiquement des la sortie de l&rsquo;eau<\/li>\n<li>Feu \u00e0 \u00e9clat \u00e0 LED : Facilite la r\u00e9cup\u00e9ration de la radio en cas d&rsquo;immersion accidentelle. Cette fonction brevet\u00e9e est active m\u00eame si la VHF est \u00e9teinte<\/li>\n<li>Puissance audio : 550mW<\/li>\n<li>Autonomie : 11 heures environ avec la batterie BP-282 (Selon le ratio suivant : Emission\/R\u00e9ception\/Veille : 5 % ; 5 % ; 90 %)<\/li>\n<li>Charge par port micro-B USB<\/li>\n<li>Possibilit\u00e9 de raccorder un micro \u00e0 main (HM-213)<\/li>\n<li>Le IC-M25EURO flotte \u00e9galement avec le micro \u00e0 main HM-213<\/li>\n<li>Fonction Volume Loud : permet de monter temporairement le volume \u00e0 fond.<\/li>\n<li>Fonction Volume Mute : permet de descendre temporairement le volume au maximum<\/li>\n<li>Fonction fluvial ATIS*<\/li>\n<\/ul>\n<p><em>(*)<\/em> Ces fonctions doivent \u00eatre programm\u00e9es par nos soins avant utilisation.<\/p>\n<p><strong>Bandes de fr\u00e9quence:\u00a0<span class=\"bodycopy\">VHF 156.025-163.275MHz<\/span><\/strong><\/p>\n<p><strong>Dimensions:\u00a0 56,6 x 134,2 x 30,5<br \/>\n<\/strong><\/p>\n<p><strong>Poids: 220g<\/strong><\/p>\n<p>&nbsp;<\/p>\n<p><strong>Le pack standard comprend :<br \/>\n<\/strong><\/p>\n<ul>\n<li>Un portatif<\/li>\n<li>Une antenne longue flexible 156-163 MHz de type J<\/li>\n<li>Une batterie int\u00e9gr\u00e9e Li-Ion 3,7V 1500mAh (r\u00e9f: BP-282)<\/li>\n<li>Un chargeur mural avec connecteur micro USB (r\u00e9f: BC-217SE)<\/li>\n<li>Une pince de ceinture (r\u00e9f: MB-133)<\/li>\n<li>Un guide d&rsquo;utilisation<\/li>\n<\/ul>\n<p>Fabrication japonaise.<\/p>\n<p>Ce produit est garantit 3 ans. Nos conditions de garantie sont souples (voir les conditions g\u00e9n\u00e9rales de vente).<\/p>\n<h5><\/h5>\n<h5><\/h5>\n","protected":false},"excerpt":{"rendered":"<p><strong>Portatif analogique VHF avec \u00e9cran, con\u00e7u pour la marine.<br \/>\n<\/strong><\/p>\n<p><strong>Disponible en trois couleurs.<\/strong><\/p>\n","protected":false},"featured_media":1182,"template":"","meta":[],"product_brand":[3077],"product_cat":[3083],"product_tag":[3547,3548,3450],"class_list":{"0":"post-1240","1":"product","2":"type-product","3":"status-publish","4":"has-post-thumbnail","6":"product_brand-icom","7":"product_cat-sans-licence-icom","8":"product_tag-ic-m25deuro","9":"product_tag-marine","10":"product_tag-portatif-vhf","12":"first","13":"instock","14":"shipping-taxable","15":"purchasable","16":"product-type-simple"},"_links":{"self":[{"href":"https:\/\/lebrascommunication.fr\/ventes\/wp-json\/wp\/v2\/product\/1240","targetHints":{"allow":["GET"]}}],"collection":[{"href":"https:\/\/lebrascommunication.fr\/ventes\/wp-json\/wp\/v2\/product"}],"about":[{"href":"https:\/\/lebrascommunication.fr\/ventes\/wp-json\/wp\/v2\/types\/product"}],"wp:featuredmedia":[{"embeddable":true,"href":"https:\/\/lebrascommunication.fr\/ventes\/wp-json\/wp\/v2\/media\/1182"}],"wp:attachment":[{"href":"https:\/\/lebrascommunication.fr\/ventes\/wp-json\/wp\/v2\/media?parent=1240"}],"wp:term":[{"taxonomy":"product_brand","embeddable":true,"href":"https:\/\/lebrascommunication.fr\/ventes\/wp-json\/wp\/v2\/product_brand?post=1240"},{"taxonomy":"product_cat","embeddable":true,"href":"https:\/\/lebrascommunication.fr\/ventes\/wp-json\/wp\/v2\/product_cat?post=1240"},{"taxonomy":"product_tag","embeddable":true,"href":"https:\/\/lebrascommunication.fr\/ventes\/wp-json\/wp\/v2\/product_tag?post=1240"}],"curies":[{"name":"wp","href":"https:\/\/api.w.org\/{rel}","templated":true}]}}