{"id":1239,"date":"2020-08-20T12:37:04","date_gmt":"2020-08-20T10:37:04","guid":{"rendered":"https:\/\/lebrascommunication.fr\/ventes\/produit\/antenne-gps-vitre\/"},"modified":"2026-02-20T11:40:25","modified_gmt":"2026-02-20T10:40:25","slug":"antenne-gps-vitre","status":"publish","type":"product","link":"https:\/\/lebrascommunication.fr\/ventes\/produit\/antenne-gps-vitre\/","title":{"rendered":"Antenne GPS\/GLONASS vitre"},"content":{"rendered":"<p>Antenne GPS avec montage\u00a0adh\u00e9sif destin\u00e9e aux utilisateurs poss\u00e9dant d\u00e9j\u00e0 des antennes mobiles et d\u00e9sireux d&rsquo;ajouter une fonctionnalit\u00e9 GPS.<\/p>\n<p>Cette antenne GPS autonome discr\u00e8te est \u00e9quip\u00e9e d&rsquo;une monture semi-permanente facile \u00e0 assembler avec un minimum d&rsquo;outils sur une vitre.<\/p>\n<p><strong>Caract\u00e9ristiques:<\/strong><\/p>\n<ul>\n<li>Fr\u00e9quences : GPS et GLONASS<\/li>\n<li>Gain : 3dB<\/li>\n<li>Connecteur : SMA<\/li>\n<li>Dimensions : 51 mm x 44 mm x 14 mm<\/li>\n<\/ul>\n","protected":false},"excerpt":{"rendered":"<p>Antenne\u00a0GPS\/GLONASS adh\u00e9sive connecteur SMA<\/p>\n","protected":false},"featured_media":1237,"template":"","meta":[],"product_brand":[3272],"product_cat":[3273],"product_tag":[3202,3962,3889,3755],"class_list":{"0":"post-1239","1":"product","2":"type-product","3":"status-publish","4":"has-post-thumbnail","6":"product_brand-autres","7":"product_cat-accessoires","8":"product_tag-antenne","9":"product_tag-connecteur-sma","10":"product_tag-glonass","11":"product_tag-gps","13":"first","14":"instock","15":"shipping-taxable","16":"purchasable","17":"product-type-simple"},"_links":{"self":[{"href":"https:\/\/lebrascommunication.fr\/ventes\/wp-json\/wp\/v2\/product\/1239","targetHints":{"allow":["GET"]}}],"collection":[{"href":"https:\/\/lebrascommunication.fr\/ventes\/wp-json\/wp\/v2\/product"}],"about":[{"href":"https:\/\/lebrascommunication.fr\/ventes\/wp-json\/wp\/v2\/types\/product"}],"wp:featuredmedia":[{"embeddable":true,"href":"https:\/\/lebrascommunication.fr\/ventes\/wp-json\/wp\/v2\/media\/1237"}],"wp:attachment":[{"href":"https:\/\/lebrascommunication.fr\/ventes\/wp-json\/wp\/v2\/media?parent=1239"}],"wp:term":[{"taxonomy":"product_brand","embeddable":true,"href":"https:\/\/lebrascommunication.fr\/ventes\/wp-json\/wp\/v2\/product_brand?post=1239"},{"taxonomy":"product_cat","embeddable":true,"href":"https:\/\/lebrascommunication.fr\/ventes\/wp-json\/wp\/v2\/product_cat?post=1239"},{"taxonomy":"product_tag","embeddable":true,"href":"https:\/\/lebrascommunication.fr\/ventes\/wp-json\/wp\/v2\/product_tag?post=1239"}],"curies":[{"name":"wp","href":"https:\/\/api.w.org\/{rel}","templated":true}]}}