{"id":1232,"date":"2019-04-22T15:08:13","date_gmt":"2019-04-22T13:08:13","guid":{"rendered":"https:\/\/lebrascommunication.fr\/ventes\/produit\/kit-oreillette-bluetooth-invisible\/"},"modified":"2025-12-23T15:36:52","modified_gmt":"2025-12-23T14:36:52","slug":"kit-oreillette-bluetooth-invisible","status":"publish","type":"product","link":"https:\/\/lebrascommunication.fr\/ventes\/produit\/kit-oreillette-bluetooth-invisible\/","title":{"rendered":"Kit oreillette Bluetooth invisible"},"content":{"rendered":"<p>Kit oreillette Bluetooth invisible<\/p>\n<p>Le kit comprend le kit oreillette sans fil Phonak Phonito Nano et le tour de cou (<a href=\"http:\/\/lbc-systems.com\/micro-oreillettes-dp3441-dp3661e\/1441-oreillette-invisible.html?search_query=PMLN7696&amp;results=2\">PMLN7696A<\/a>) et le\u00a0Bouton PTT\u00a0Bluetooth (<a href=\"http:\/\/lbc-systems.com\/micro-oreillettes-dp3001-dp4001\/751-bouton-ptt-sans-fil-pour-series-dp-et-sl.html\">NNTN8191<\/a>)<\/p>\n<ul>\n<li>L\u2019\u00e9couteur a un facteur de forme minime et est agr\u00e9able \u00e0 porter toute la journ\u00e9e, 100% discret<\/li>\n<li>La boucle de communication peut \u00eatre port\u00e9e sous une chemise ou une veste<\/li>\n<li>Le microphone peut \u00eatre plac\u00e9 sous un revers ou similaire pour une communication secr\u00e8te<\/li>\n<\/ul>\n<p>Compatibilit\u00e9s :\u00a0DP4001, DP3441, DP3661, SL2600, SL4000, DM4401, DM4601 ainsi que les versions \u00ab\u00a0e\u00a0\u00bb<\/p>\n","protected":false},"excerpt":{"rendered":"<p>Kit oreillette Bluetooth invisible, sans fil<\/p>\n<p>Compatibilit\u00e9s :\u00a0DP4001, DP3441, DP3661, SL2600, SL4000, DM4401, DM4601 ainsi que les versions \u00ab\u00a0e\u00a0\u00bb<\/p>\n<p>Le kit comprend le kit oreillette sans fil Phonak Phonito Nano (<a href=\"http:\/\/lbc-systems.com\/micro-oreillettes-dp3441-dp3661e\/1441-oreillette-invisible.html?search_query=PMLN7696&amp;results=2\">PMLN7696A<\/a>) et le Bouton PTT\u00a0Bluetooth (<a href=\"http:\/\/lbc-systems.com\/micro-oreillettes-dp3001-dp4001\/751-bouton-ptt-sans-fil-pour-series-dp-et-sl.html\">NNTN8191<\/a>)<\/p>\n","protected":false},"featured_media":3633,"template":"","meta":[],"product_brand":[3074],"product_cat":[3163],"product_tag":[3279,3228],"class_list":{"0":"post-1232","1":"product","2":"type-product","3":"status-publish","4":"has-post-thumbnail","6":"product_brand-motorola","7":"product_cat-accessoires-talkies-motorola","8":"product_tag-bluetooth","9":"product_tag-oreillette","11":"first","12":"instock","13":"shipping-taxable","14":"purchasable","15":"product-type-simple"},"_links":{"self":[{"href":"https:\/\/lebrascommunication.fr\/ventes\/wp-json\/wp\/v2\/product\/1232","targetHints":{"allow":["GET"]}}],"collection":[{"href":"https:\/\/lebrascommunication.fr\/ventes\/wp-json\/wp\/v2\/product"}],"about":[{"href":"https:\/\/lebrascommunication.fr\/ventes\/wp-json\/wp\/v2\/types\/product"}],"wp:featuredmedia":[{"embeddable":true,"href":"https:\/\/lebrascommunication.fr\/ventes\/wp-json\/wp\/v2\/media\/3633"}],"wp:attachment":[{"href":"https:\/\/lebrascommunication.fr\/ventes\/wp-json\/wp\/v2\/media?parent=1232"}],"wp:term":[{"taxonomy":"product_brand","embeddable":true,"href":"https:\/\/lebrascommunication.fr\/ventes\/wp-json\/wp\/v2\/product_brand?post=1232"},{"taxonomy":"product_cat","embeddable":true,"href":"https:\/\/lebrascommunication.fr\/ventes\/wp-json\/wp\/v2\/product_cat?post=1232"},{"taxonomy":"product_tag","embeddable":true,"href":"https:\/\/lebrascommunication.fr\/ventes\/wp-json\/wp\/v2\/product_tag?post=1232"}],"curies":[{"name":"wp","href":"https:\/\/api.w.org\/{rel}","templated":true}]}}