{"id":1227,"date":"2019-04-22T15:01:35","date_gmt":"2019-04-22T13:01:35","guid":{"rendered":"https:\/\/lebrascommunication.fr\/ventes\/produit\/micro-oreillette-bluetooth-2-fils\/"},"modified":"2025-12-23T15:29:52","modified_gmt":"2025-12-23T14:29:52","slug":"micro-oreillette-bluetooth-2-fils","status":"publish","type":"product","link":"https:\/\/lebrascommunication.fr\/ventes\/produit\/micro-oreillette-bluetooth-2-fils\/","title":{"rendered":"Micro-oreillette Bluetooth 2 fils"},"content":{"rendered":"<p><span id=\"result_box\" lang=\"fr\" xml:lang=\"fr\"><span class=\"hps\">Oreillette Bluetooth intra-auriculaire 2 fils\u00a0de\u00a0116cm, dispose d&rsquo;un<\/span> <span class=\"hps\">design simple et<\/span> <span class=\"hps\">discret<\/span> <span class=\"hps\">pour les utilisateurs professionnels.<\/span><\/span><\/p>\n<p><span lang=\"fr\" xml:lang=\"fr\"><span class=\"hps\">Doit \u00eatre connect\u00e9e au bouton PTT appropri\u00e9\u00a0<a href=\"http:\/\/lbc-systems.com\/micro-oreillettes-dp3001-dp4001\/751-bouton-ptt-sans-fil-pour-series-dp-et-sl.html\">NNTN8191<\/a><\/span><\/span><\/p>\n<p><strong><span lang=\"fr\" xml:lang=\"fr\">Caract\u00e9ristiques:<\/span><\/strong><\/p>\n<ul>\n<li><span lang=\"fr\" xml:lang=\"fr\"><span class=\"hps\">Microphone int\u00e9gr\u00e9<\/span>\u00a0au fil,\u00a0<span class=\"hps\">id\u00e9al<\/span> <span class=\"hps\">pour les transmissions<\/span> <span class=\"hps\">dans les environnements bruyants<\/span><\/span><\/li>\n<li><span lang=\"fr\" xml:lang=\"fr\">C\u00e2ble de 116cm<\/span><\/li>\n<\/ul>\n<p>Compatibilit\u00e9s :\u00a0DP4001, DP3441, DP3661, SL2600, SL4000, DM4401, DM4601 ainsi que les versions \u00ab\u00a0e\u00a0\u00bb<\/p>\n","protected":false},"excerpt":{"rendered":"<p>Micro-oreillette Bluetooth intra-auriculaire 2 fils\u00a0de\u00a0116cm<\/p>\n<p>Compatibilit\u00e9s :\u00a0DP4001, DP3441, DP3661, SL2600, SL4000, DM4401, DM4601 ainsi que les versions \u00ab\u00a0e\u00a0\u00bb<\/p>\n<p>Doit \u00eatre connect\u00e9e au bouton PTT appropri\u00e9\u00a0<a href=\"http:\/\/lbc-systems.com\/micro-oreillettes-dp3001-dp4001\/751-bouton-ptt-sans-fil-pour-series-dp-et-sl.html\">NNTN8191<\/a><\/p>\n","protected":false},"featured_media":3626,"template":"","meta":[],"product_brand":[3074],"product_cat":[3163],"product_tag":[3279,3174,3249,3193,3250,3225,3437,3334,3224,3220,3460],"class_list":{"0":"post-1227","1":"product","2":"type-product","3":"status-publish","4":"has-post-thumbnail","6":"product_brand-motorola","7":"product_cat-accessoires-talkies-motorola","8":"product_tag-bluetooth","9":"product_tag-dp3441","10":"product_tag-dp3441e","11":"product_tag-dp3661","12":"product_tag-dp3661e","13":"product_tag-dp4000","14":"product_tag-dp4000e","15":"product_tag-micro-oreillette","16":"product_tag-sl2600","17":"product_tag-sl4000","18":"product_tag-sl4000e","20":"first","21":"instock","22":"shipping-taxable","23":"purchasable","24":"product-type-simple"},"_links":{"self":[{"href":"https:\/\/lebrascommunication.fr\/ventes\/wp-json\/wp\/v2\/product\/1227","targetHints":{"allow":["GET"]}}],"collection":[{"href":"https:\/\/lebrascommunication.fr\/ventes\/wp-json\/wp\/v2\/product"}],"about":[{"href":"https:\/\/lebrascommunication.fr\/ventes\/wp-json\/wp\/v2\/types\/product"}],"wp:featuredmedia":[{"embeddable":true,"href":"https:\/\/lebrascommunication.fr\/ventes\/wp-json\/wp\/v2\/media\/3626"}],"wp:attachment":[{"href":"https:\/\/lebrascommunication.fr\/ventes\/wp-json\/wp\/v2\/media?parent=1227"}],"wp:term":[{"taxonomy":"product_brand","embeddable":true,"href":"https:\/\/lebrascommunication.fr\/ventes\/wp-json\/wp\/v2\/product_brand?post=1227"},{"taxonomy":"product_cat","embeddable":true,"href":"https:\/\/lebrascommunication.fr\/ventes\/wp-json\/wp\/v2\/product_cat?post=1227"},{"taxonomy":"product_tag","embeddable":true,"href":"https:\/\/lebrascommunication.fr\/ventes\/wp-json\/wp\/v2\/product_tag?post=1227"}],"curies":[{"name":"wp","href":"https:\/\/api.w.org\/{rel}","templated":true}]}}