{"id":1209,"date":"2020-08-19T16:20:09","date_gmt":"2020-08-19T14:20:09","guid":{"rendered":"https:\/\/lebrascommunication.fr\/ventes\/produit\/micro-de-remplacement-pour-micro-casque-cote-gauche\/"},"modified":"2025-12-23T14:33:21","modified_gmt":"2025-12-23T13:33:21","slug":"micro-de-remplacement-pour-micro-casque-cote-gauche","status":"publish","type":"product","link":"https:\/\/lebrascommunication.fr\/ventes\/produit\/micro-de-remplacement-pour-micro-casque-cote-gauche\/","title":{"rendered":"Micro de remplacement pour micro-casque &#8211; c\u00f4t\u00e9 gauche"},"content":{"rendered":"<p>Micro c\u00f4t\u00e9 gauche de remplacement pour micro-casque\u00a0<a href=\"http:\/\/lbc-systems.com\/micro-casques-dp4000e-dp3000\/1473-casque-reducteur-de-bruit.html\">PMLN6852<\/a>,\u00a0<a href=\"http:\/\/lbc-systems.com\/micro-casques-dp4000e-dp3000\/1475-casque-reducteur-de-bruit-ul-tia4950.html\">PMLN6853<\/a>,\u00a0<a href=\"http:\/\/lbc-systems.com\/micro-casques-dp1400-cp040\/1399-casque-anti-bruit.html\">PMLN6854<\/a>,\u00a0<a href=\"http:\/\/lbc-systems.com\/micro-casques-dp2000-e-dp3441-dp3661e\/1508-casque-robuste.html\">PMLN6760<\/a>,\u00a0<a href=\"http:\/\/lbc-systems.com\/micro-casques-dp2000-e-dp3441-dp3661e\/1510-casque-robuste-ul-tia.html\">PMLN6763<\/a>,\u00a0<a href=\"http:\/\/lbc-systems.com\/micro-casques-dp2000-e-dp3441-dp3661e\/1511-casque-robuste.html\">PMLN7464<\/a>, <a href=\"http:\/\/lbc-systems.com\/micro-casques-dp2000-e-dp3441-dp3661e\/1512-casque-robuste.html\">PMLN7465<\/a>,\u00a0<a href=\"http:\/\/lbc-systems.com\/micro-casques-dp4000e-dp3000\/1476-casque-reducteur-de-bruit.html\">PMLN7466<\/a> et\u00a0<a href=\"http:\/\/lbc-systems.com\/micro-casques-dp4000e-dp3000\/1477-casque-reducteur-de-bruit-ul-tia4950.html\">PMLN7467<\/a><\/p>\n<p>Micro complet<\/p>\n<p>Attention : ne peux pas \u00eatre fix\u00e9 du c\u00f4t\u00e9 droit<\/p>\n","protected":false},"excerpt":{"rendered":"<p>Micro de remplacement pour micro-casque\u00a0<a href=\"http:\/\/lbc-systems.com\/micro-casques-dp4000e-dp3000\/1473-casque-reducteur-de-bruit.html\">PMLN6852<\/a>, <a href=\"http:\/\/lbc-systems.com\/micro-casques-dp4000e-dp3000\/1475-casque-reducteur-de-bruit-ul-tia4950.html\">PMLN6853<\/a>, <a href=\"http:\/\/lbc-systems.com\/micro-casques-dp1400-cp040\/1399-casque-anti-bruit.html\">PMLN6854<\/a>, <a href=\"http:\/\/lbc-systems.com\/micro-casques-dp2000-e-dp3441-dp3661e\/1508-casque-robuste.html\">PMLN6760<\/a>, <a href=\"http:\/\/lbc-systems.com\/micro-casques-dp2000-e-dp3441-dp3661e\/1510-casque-robuste-ul-tia.html\">PMLN6763<\/a>,\u00a0<a href=\"http:\/\/lbc-systems.com\/micro-casques-dp2000-e-dp3441-dp3661e\/1511-casque-robuste.html\">PMLN7464<\/a>, <a href=\"http:\/\/lbc-systems.com\/micro-casques-dp2000-e-dp3441-dp3661e\/1512-casque-robuste.html\">PMLN7465<\/a>, <a href=\"http:\/\/lbc-systems.com\/micro-casques-dp4000e-dp3000\/1476-casque-reducteur-de-bruit.html\">PMLN7466 <\/a>et\u00a0<a href=\"http:\/\/lbc-systems.com\/micro-casques-dp4000e-dp3000\/1477-casque-reducteur-de-bruit-ul-tia4950.html\">PMLN7467<\/a><\/p>\n<p>C\u00f4t\u00e9 gauche<\/p>\n","protected":false},"featured_media":0,"template":"","meta":[],"product_brand":[3074],"product_cat":[3163],"product_tag":[3281,3254,3442],"class_list":{"0":"post-1209","1":"product","2":"type-product","3":"status-publish","5":"product_brand-motorola","6":"product_cat-accessoires-talkies-motorola","7":"product_tag-micro","8":"product_tag-micro-casque","9":"product_tag-pieces-detachees","11":"first","12":"instock","13":"shipping-taxable","14":"purchasable","15":"product-type-simple"},"_links":{"self":[{"href":"https:\/\/lebrascommunication.fr\/ventes\/wp-json\/wp\/v2\/product\/1209","targetHints":{"allow":["GET"]}}],"collection":[{"href":"https:\/\/lebrascommunication.fr\/ventes\/wp-json\/wp\/v2\/product"}],"about":[{"href":"https:\/\/lebrascommunication.fr\/ventes\/wp-json\/wp\/v2\/types\/product"}],"wp:attachment":[{"href":"https:\/\/lebrascommunication.fr\/ventes\/wp-json\/wp\/v2\/media?parent=1209"}],"wp:term":[{"taxonomy":"product_brand","embeddable":true,"href":"https:\/\/lebrascommunication.fr\/ventes\/wp-json\/wp\/v2\/product_brand?post=1209"},{"taxonomy":"product_cat","embeddable":true,"href":"https:\/\/lebrascommunication.fr\/ventes\/wp-json\/wp\/v2\/product_cat?post=1209"},{"taxonomy":"product_tag","embeddable":true,"href":"https:\/\/lebrascommunication.fr\/ventes\/wp-json\/wp\/v2\/product_tag?post=1209"}],"curies":[{"name":"wp","href":"https:\/\/api.w.org\/{rel}","templated":true}]}}