{"id":1208,"date":"2019-04-22T14:38:02","date_gmt":"2019-04-22T12:38:02","guid":{"rendered":"https:\/\/lebrascommunication.fr\/ventes\/produit\/micro-deporte-sans-fil-a-piles\/"},"modified":"2025-12-24T12:10:05","modified_gmt":"2025-12-24T11:10:05","slug":"micro-deporte-sans-fil-a-piles","status":"publish","type":"product","link":"https:\/\/lebrascommunication.fr\/ventes\/produit\/micro-deporte-sans-fil-a-piles\/","title":{"rendered":"Micro d\u00e9port\u00e9 sans fil \u00e0 piles"},"content":{"rendered":"<p>Micro d\u00e9port\u00e9\u00a0sans fil compatible avec les mod\u00e8les Bluetooth (DP4001, DP3441, DP3661, SL2600, SL4000, ainsi que les versions \u00ab\u00a0e\u00a0\u00bb)<\/p>\n<p>Kit avec pile et anneau en pivotant en D<\/p>\n<p>Port\u00e9e : 10m<\/p>\n<p>Dimensions: 88 x 26 x 63 mm<\/p>\n<p>Poids\u00a0: 158g<\/p>\n<p>Temp\u00e9ratures support\u00e9es\u00a0: -10 to +60 \u00b0C<\/p>\n<p>IP55<\/p>\n<p>Autonomie\u00a0(5\/5\/90): 28 hours<\/p>\n<p>Autonomie\u00a0(5\/35\/60): 13 hours<\/p>\n<p>Micro oreillettes compatibles\u00a0: <a href=\"http:\/\/lbc-systems.com\/micro-deportes-dp1400-cp-p100\/376-oreillette-mousse-pour-serie-dp.html\">MDRLN4885<\/a>\u00a0(\u00e9couteurs avec fonction de r\u00e9ception uniquement), \u00a0<a href=\"http:\/\/lbc-systems.com\/micro-deportes-dp1400-cp-p100\/1120-oreillette-pour-micro-deporte.html\">PMLN7560<\/a>\u00a0(\u00e9couteur Voice Tube compatible avec r\u00e9ception uniquement)<\/p>\n","protected":false},"excerpt":{"rendered":"<p>Micro d\u00e9port\u00e9\u00a0sans fil fonctionnant avec piles, compatible avec les mod\u00e8les Bluetooth (DP4001, DP3441, DP3661, SL4000, ainsi que les versions \u00ab\u00a0e\u00a0\u00bb)<\/p>\n","protected":false},"featured_media":1207,"template":"","meta":[],"product_brand":[3074],"product_cat":[3179,3163,3181],"product_tag":[3174,3249,3193,3250,3345,3241,3370,3224,3220],"class_list":{"0":"post-1208","1":"product","2":"type-product","3":"status-publish","4":"has-post-thumbnail","6":"product_brand-motorola","7":"product_cat-dp3000e","8":"product_cat-accessoires-talkies-motorola","9":"product_cat-sl-tlk","10":"product_tag-dp3441","11":"product_tag-dp3441e","12":"product_tag-dp3661","13":"product_tag-dp3661e","14":"product_tag-dp4001","15":"product_tag-micro-deporte","16":"product_tag-sans-fil","17":"product_tag-sl2600","18":"product_tag-sl4000","20":"first","21":"instock","22":"shipping-taxable","23":"purchasable","24":"product-type-simple"},"_links":{"self":[{"href":"https:\/\/lebrascommunication.fr\/ventes\/wp-json\/wp\/v2\/product\/1208","targetHints":{"allow":["GET"]}}],"collection":[{"href":"https:\/\/lebrascommunication.fr\/ventes\/wp-json\/wp\/v2\/product"}],"about":[{"href":"https:\/\/lebrascommunication.fr\/ventes\/wp-json\/wp\/v2\/types\/product"}],"wp:featuredmedia":[{"embeddable":true,"href":"https:\/\/lebrascommunication.fr\/ventes\/wp-json\/wp\/v2\/media\/1207"}],"wp:attachment":[{"href":"https:\/\/lebrascommunication.fr\/ventes\/wp-json\/wp\/v2\/media?parent=1208"}],"wp:term":[{"taxonomy":"product_brand","embeddable":true,"href":"https:\/\/lebrascommunication.fr\/ventes\/wp-json\/wp\/v2\/product_brand?post=1208"},{"taxonomy":"product_cat","embeddable":true,"href":"https:\/\/lebrascommunication.fr\/ventes\/wp-json\/wp\/v2\/product_cat?post=1208"},{"taxonomy":"product_tag","embeddable":true,"href":"https:\/\/lebrascommunication.fr\/ventes\/wp-json\/wp\/v2\/product_tag?post=1208"}],"curies":[{"name":"wp","href":"https:\/\/api.w.org\/{rel}","templated":true}]}}