{"id":1203,"date":"2019-04-22T14:10:20","date_gmt":"2019-04-22T12:10:20","guid":{"rendered":"https:\/\/lebrascommunication.fr\/ventes\/produit\/kit-micro-deporte-sans-fil\/"},"modified":"2025-12-24T12:08:52","modified_gmt":"2025-12-24T11:08:52","slug":"kit-micro-deporte-sans-fil","status":"publish","type":"product","link":"https:\/\/lebrascommunication.fr\/ventes\/produit\/kit-micro-deporte-sans-fil\/","title":{"rendered":"Kit micro d\u00e9port\u00e9 sans fil"},"content":{"rendered":"<p>Kit micro d\u00e9port\u00e9\u00a0sans fil compatible avec les mod\u00e8les Bluetooth (DP4xx1, DP3441, DP3661e, SL2600, SL4000, ainsi que les versions \u00ab\u00a0e\u00a0\u00bb)<\/p>\n<p>Ce kit comprend le RSM <a href=\"http:\/\/lbc-systems.com\/micro-deportes-dp2000e-dp3441-dp3661e\/1430-micro-deporte-sans-fil-de-remplacement.html?search_query=PMMN4096&amp;results=3\">PMMN4096<\/a>\u00a0sans fil,\u00a0la batterie <a href=\"http:\/\/lbc-systems.com\/micro-deportes-dp2000-dp3441-dp3661\/1431-batterie-pour-micro-deporte-bluetooth.html\">PMNN4461<\/a>, le clip de ceinture et le chargeur de bureau \u00e0 prise europ\u00e9enne <a href=\"http:\/\/lbc-systems.com\/micro-deportes-dp2000-dp3441-dp3661\/1421-chargeur-micro-deportes-sans-fil.html\">PMLN7121<\/a>.<\/p>\n<p>Port\u00e9e : 10m<\/p>\n<p>Dimensions: 88 x 26 x 63 mm<\/p>\n<p>Poids\u00a0: 158g<\/p>\n<p>Temp\u00e9ratures support\u00e9es\u00a0: -10 to +60 \u00b0C<\/p>\n<p>IP55 (avec la protection ferm\u00e9e)<\/p>\n<p>Batterie: 1750 mAh<\/p>\n<p>Autonomie\u00a0(5\/5\/90): 28 hours<\/p>\n<p>Autonomie\u00a0(5\/35\/60): 13 hours<\/p>\n<p>Temps de charge\u00a0: 3 hours<\/p>\n<p>Oreillettes compatibles\u00a0: jack 3.5mm ou\u00a0<a href=\"http:\/\/lbc-systems.com\/micro-deportes-dp1400-cp-p100\/376-oreillette-mousse-pour-serie-dp.html\">MDRLN4885<\/a>\u00a0(\u00e9couteurs avec fonction de r\u00e9ception uniquement), et\u00a0<a href=\"http:\/\/lbc-systems.com\/micro-deportes-dp1400-cp-p100\/1120-oreillette-pour-micro-deporte.html\">PMLN7560<\/a>\u00a0(\u00e9couteur Voice Tube compatible avec r\u00e9ception uniquement)<\/p>\n","protected":false},"excerpt":{"rendered":"<p>Kit micro d\u00e9port\u00e9 Bluetooth pour DPxxx1, SL2600, SL4000, et versions \u00ab\u00a0e\u00a0\u00bb<\/p>\n","protected":false},"featured_media":1199,"template":"","meta":[],"product_brand":[3074],"product_cat":[3179,3163],"product_tag":[3174,3249,3193,3250,3241,3370],"class_list":{"0":"post-1203","1":"product","2":"type-product","3":"status-publish","4":"has-post-thumbnail","6":"product_brand-motorola","7":"product_cat-dp3000e","8":"product_cat-accessoires-talkies-motorola","9":"product_tag-dp3441","10":"product_tag-dp3441e","11":"product_tag-dp3661","12":"product_tag-dp3661e","13":"product_tag-micro-deporte","14":"product_tag-sans-fil","16":"first","17":"instock","18":"shipping-taxable","19":"purchasable","20":"product-type-simple"},"_links":{"self":[{"href":"https:\/\/lebrascommunication.fr\/ventes\/wp-json\/wp\/v2\/product\/1203","targetHints":{"allow":["GET"]}}],"collection":[{"href":"https:\/\/lebrascommunication.fr\/ventes\/wp-json\/wp\/v2\/product"}],"about":[{"href":"https:\/\/lebrascommunication.fr\/ventes\/wp-json\/wp\/v2\/types\/product"}],"wp:featuredmedia":[{"embeddable":true,"href":"https:\/\/lebrascommunication.fr\/ventes\/wp-json\/wp\/v2\/media\/1199"}],"wp:attachment":[{"href":"https:\/\/lebrascommunication.fr\/ventes\/wp-json\/wp\/v2\/media?parent=1203"}],"wp:term":[{"taxonomy":"product_brand","embeddable":true,"href":"https:\/\/lebrascommunication.fr\/ventes\/wp-json\/wp\/v2\/product_brand?post=1203"},{"taxonomy":"product_cat","embeddable":true,"href":"https:\/\/lebrascommunication.fr\/ventes\/wp-json\/wp\/v2\/product_cat?post=1203"},{"taxonomy":"product_tag","embeddable":true,"href":"https:\/\/lebrascommunication.fr\/ventes\/wp-json\/wp\/v2\/product_tag?post=1203"}],"curies":[{"name":"wp","href":"https:\/\/api.w.org\/{rel}","templated":true}]}}