{"id":1195,"date":"2020-08-19T14:09:55","date_gmt":"2020-08-19T12:09:55","guid":{"rendered":"https:\/\/lebrascommunication.fr\/ventes\/produit\/cable-de-remplacement-pour-casques-reducteurs-de-bruit-2\/"},"modified":"2025-12-23T14:40:18","modified_gmt":"2025-12-23T13:40:18","slug":"cable-de-remplacement-pour-casques-reducteurs-de-bruit-2","status":"publish","type":"product","link":"https:\/\/lebrascommunication.fr\/ventes\/produit\/cable-de-remplacement-pour-casques-reducteurs-de-bruit-2\/","title":{"rendered":"C\u00e2ble de remplacement pour casques r\u00e9ducteurs de bruit"},"content":{"rendered":"<p>C\u00e2ble de remplacement pour casque\u00a0<a href=\"http:\/\/lbc-systems.com\/micro-casques-dp2000-e-dp3441-dp3661e\/1508-casque-robuste.html?search_query=PMLN6760&amp;results=1\">PMLN6760<\/a>, <a href=\"http:\/\/lbc-systems.com\/micro-casques-dp2000-e-dp3441-dp3661e\/1510-casque-robuste-ul-tia.html\">PMLN6763<\/a>,\u00a0<a href=\"http:\/\/lbc-systems.com\/micro-casques-dp2000-e-dp3441-dp3661e\/1511-casque-robuste.html\">PMLN7464<\/a> et\u00a0<a href=\"http:\/\/lbc-systems.com\/micro-casques-dp2000-e-dp3441-dp3661e\/1512-casque-robuste.html\">PMLN7465<\/a><\/p>\n<p>Le connecteur c\u00f4t\u00e9 radio est inclus<\/p>\n","protected":false},"excerpt":{"rendered":"<p>C\u00e2ble de remplacement pour casque\u00a0<a href=\"http:\/\/lbc-systems.com\/micro-casques-dp2000-e-dp3441-dp3661e\/1508-casque-robuste.html?search_query=PMLN6760&amp;results=1\">PMLN6760<\/a>, <a href=\"http:\/\/lbc-systems.com\/micro-casques-dp2000-e-dp3441-dp3661e\/1510-casque-robuste-ul-tia.html\">PMLN6763<\/a>,\u00a0<a href=\"http:\/\/lbc-systems.com\/micro-casques-dp2000-e-dp3441-dp3661e\/1511-casque-robuste.html\">PMLN7464<\/a> et\u00a0<a href=\"http:\/\/lbc-systems.com\/micro-casques-dp2000-e-dp3441-dp3661e\/1512-casque-robuste.html\">PMLN7465<\/a><\/p>\n","protected":false},"featured_media":0,"template":"","meta":[],"product_brand":[3074],"product_cat":[3163],"product_tag":[3226,3447],"class_list":{"0":"post-1195","1":"product","2":"type-product","3":"status-publish","5":"product_brand-motorola","6":"product_cat-accessoires-talkies-motorola","7":"product_tag-casque","8":"product_tag-connecteur","10":"first","11":"instock","12":"shipping-taxable","13":"purchasable","14":"product-type-simple"},"_links":{"self":[{"href":"https:\/\/lebrascommunication.fr\/ventes\/wp-json\/wp\/v2\/product\/1195","targetHints":{"allow":["GET"]}}],"collection":[{"href":"https:\/\/lebrascommunication.fr\/ventes\/wp-json\/wp\/v2\/product"}],"about":[{"href":"https:\/\/lebrascommunication.fr\/ventes\/wp-json\/wp\/v2\/types\/product"}],"wp:attachment":[{"href":"https:\/\/lebrascommunication.fr\/ventes\/wp-json\/wp\/v2\/media?parent=1195"}],"wp:term":[{"taxonomy":"product_brand","embeddable":true,"href":"https:\/\/lebrascommunication.fr\/ventes\/wp-json\/wp\/v2\/product_brand?post=1195"},{"taxonomy":"product_cat","embeddable":true,"href":"https:\/\/lebrascommunication.fr\/ventes\/wp-json\/wp\/v2\/product_cat?post=1195"},{"taxonomy":"product_tag","embeddable":true,"href":"https:\/\/lebrascommunication.fr\/ventes\/wp-json\/wp\/v2\/product_tag?post=1195"}],"curies":[{"name":"wp","href":"https:\/\/api.w.org\/{rel}","templated":true}]}}