{"id":1193,"date":"2020-08-19T14:03:36","date_gmt":"2020-08-19T12:03:36","guid":{"rendered":"https:\/\/lebrascommunication.fr\/ventes\/produit\/cable-de-remplacement-pour-casques-reducteurs-de-bruit\/"},"modified":"2026-01-26T16:03:45","modified_gmt":"2026-01-26T15:03:45","slug":"cable-de-remplacement-pour-casques-reducteurs-de-bruit","status":"publish","type":"product","link":"https:\/\/lebrascommunication.fr\/ventes\/produit\/cable-de-remplacement-pour-casques-reducteurs-de-bruit\/","title":{"rendered":"C\u00e2ble de remplacement pour casques r\u00e9ducteurs de bruit"},"content":{"rendered":"<p>C\u00e2ble de remplacement pour casque <a href=\"http:\/\/lbc-systems.com\/micro-casques-dp4000e-dp3000\/1473-casque-reducteur-de-bruit.html\">PMLN6852<\/a>, <a href=\"http:\/\/lbc-systems.com\/micro-casques-dp4000e-dp3000\/1475-casque-reducteur-de-bruit-ul-tia4950.html\">PMLN6853<\/a>, <a href=\"http:\/\/lbc-systems.com\/micro-casques-dp4000e-dp3000\/1476-casque-reducteur-de-bruit.html\">PMLN7466\u00a0<\/a>et\u00a0<a href=\"http:\/\/lbc-systems.com\/micro-casques-dp4000e-dp3000\/1477-casque-reducteur-de-bruit-ul-tia4950.html\">PMLN7467<\/a><\/p>\n<p><img loading=\"lazy\" decoding=\"async\" src=\"https:\/\/emeaonline.motorolasolutions.com\/assets\/images\/1b-images\/spacer.gif\" alt=\"\" width=\"1\" height=\"1\" border=\"0\" \/><img loading=\"lazy\" decoding=\"async\" src=\"https:\/\/emeaonline.motorolasolutions.com\/assets\/images\/1b-images\/spacer.gif\" alt=\"\" width=\"1\" height=\"7\" border=\"0\" \/><\/p>\n<p>Le connecteur c\u00f4t\u00e9 radio est inclus<\/p>\n","protected":false},"excerpt":{"rendered":"<p>C\u00e2ble de remplacement pour casque\u00a0<a href=\"http:\/\/lbc-systems.com\/micro-casques-dp4000e-dp3000\/1473-casque-reducteur-de-bruit.html\">PMLN6852<\/a>, <a href=\"http:\/\/lbc-systems.com\/micro-casques-dp4000e-dp3000\/1475-casque-reducteur-de-bruit-ul-tia4950.html\">PMLN6853<\/a>, <a href=\"http:\/\/lbc-systems.com\/micro-casques-dp4000e-dp3000\/1476-casque-reducteur-de-bruit.html\">PMLN7466 <\/a>et\u00a0<a href=\"http:\/\/lbc-systems.com\/micro-casques-dp4000e-dp3000\/1477-casque-reducteur-de-bruit-ul-tia4950.html\">PMLN7467<\/a><\/p>\n","protected":false},"featured_media":0,"template":"","meta":[],"product_brand":[3074],"product_cat":[3163],"product_tag":[3276,3226,3706],"class_list":{"0":"post-1193","1":"product","2":"type-product","3":"status-publish","5":"product_brand-motorola","6":"product_cat-accessoires-talkies-motorola","7":"product_tag-cable","8":"product_tag-casque","9":"product_tag-reducteur-de-bruits","11":"first","12":"instock","13":"shipping-taxable","14":"purchasable","15":"product-type-simple"},"_links":{"self":[{"href":"https:\/\/lebrascommunication.fr\/ventes\/wp-json\/wp\/v2\/product\/1193","targetHints":{"allow":["GET"]}}],"collection":[{"href":"https:\/\/lebrascommunication.fr\/ventes\/wp-json\/wp\/v2\/product"}],"about":[{"href":"https:\/\/lebrascommunication.fr\/ventes\/wp-json\/wp\/v2\/types\/product"}],"wp:attachment":[{"href":"https:\/\/lebrascommunication.fr\/ventes\/wp-json\/wp\/v2\/media?parent=1193"}],"wp:term":[{"taxonomy":"product_brand","embeddable":true,"href":"https:\/\/lebrascommunication.fr\/ventes\/wp-json\/wp\/v2\/product_brand?post=1193"},{"taxonomy":"product_cat","embeddable":true,"href":"https:\/\/lebrascommunication.fr\/ventes\/wp-json\/wp\/v2\/product_cat?post=1193"},{"taxonomy":"product_tag","embeddable":true,"href":"https:\/\/lebrascommunication.fr\/ventes\/wp-json\/wp\/v2\/product_tag?post=1193"}],"curies":[{"name":"wp","href":"https:\/\/api.w.org\/{rel}","templated":true}]}}