{"id":1131,"date":"2017-10-11T19:14:50","date_gmt":"2017-10-11T17:14:50","guid":{"rendered":"https:\/\/lebrascommunication.fr\/ventes\/produit\/sl4010e\/"},"modified":"2026-01-07T14:20:20","modified_gmt":"2026-01-07T13:20:20","slug":"sl4010e","status":"publish","type":"product","link":"https:\/\/lebrascommunication.fr\/ventes\/produit\/sl4010e\/","title":{"rendered":"SL4010e"},"content":{"rendered":"<p><strong>Portatif Num\u00e9rique DMR 3 watts ultra-compact<\/strong><\/p>\n<p><strong>Le SL4010e est disponible dans la bande UHF uniquement.<\/strong><\/p>\n<p><strong>Commandes et fonctions :<\/strong><\/p>\n<ul>\n<li>Mode num\u00e9rique DMR uniquement<\/li>\n<li>1000 canaux*<\/li>\n<li>Appel individuel, de groupe, de flotte, prioritaire ou d&rsquo;urgence*<\/li>\n<li>Interrupt TX pour interrompre une communication en cours*<\/li>\n<li>Identification de l&rsquo;appelant<\/li>\n<li>Recherche de canaux avec priorit\u00e9*<\/li>\n<li>Perte de verticalit\u00e9 (PTI)*<\/li>\n<li>Localisation en int\u00e9rieure*<\/li>\n<li>Traitement num\u00e9rique du son<\/li>\n<li>Carte d&rsquo;option int\u00e9gr\u00e9e pour le d\u00e9veloppement d&rsquo;applications<\/li>\n<li>Bluetooth*<\/li>\n<li>Wi-Fi pour le transfert de donn\u00e9es (applications \u00e0 d\u00e9velopper)<\/li>\n<li>Brouillage vocal simple*<\/li>\n<li>Cryptage AES256 sur licence payante*<\/li>\n<li>\u00c9mission \u00e0 commande vocale (VOX)*<\/li>\n<li>Fonction \u00ab\u00a0audio-intelligent\u00a0\u00bb : ajustement automatique du volume en fonction du bruit environnant*<\/li>\n<li>Fonction Talkaround en cas de panne relais*<\/li>\n<li>Logiciel Customer Programming Software (CPS) pour la programmation<\/li>\n<li>\u00c9cran LCD, clavier complet<\/li>\n<li>Boutons programmables*<\/li>\n<li>Tonalit\u00e9s d&rsquo;appel*<\/li>\n<li>Verrouillage de canal occup\u00e9*<\/li>\n<li>Messagerie texte*<\/li>\n<li>Indice de protection IP54<\/li>\n<li>R\u00e9pond aux normes 810 C, D, E, F et G permettant de faire face aux conditions les plus exigeantes<\/li>\n<\/ul>\n<p><em>(*)<\/em>\u00a0Ces fonctions doivent \u00eatre programm\u00e9es par nos soins avant utilisation.<\/p>\n<p>&nbsp;<\/p>\n<p><strong>Compatibilit\u00e9 syst\u00e8me relais :<\/strong><\/p>\n<ul>\n<li>Conventionnel num\u00e9rique DMR<\/li>\n<li>Conventionnel DMR muli-sites IP site connect (IPSC)<\/li>\n<li>Partag\u00e9 site unique Capacity Plus (C+)<\/li>\n<li>Partag\u00e9 multi-sites Linked Capcity Plus (LCP)<\/li>\n<li>Partag\u00e9 multi-sites avec contr\u00f4leur Connect Plus sur licence payante<\/li>\n<li>Partag\u00e9 multi-sites avec contr\u00f4leur\u00a0Capacity Max (Cap Max) sur licence payante<\/li>\n<\/ul>\n<p><strong>A savoir :\u00a0<\/strong> Les mod\u00e8les SL4000, SL4010 et SL4000e ne sont plus commercialis\u00e9s<\/p>\n<p><strong>Dimensions : H x L x P : 130, 3 x 55, 2 x 41, 1 mm<\/strong><\/p>\n<p><strong>Fr\u00e9quences: UHF: 403-470 MHz<\/strong><\/p>\n<p><strong>Poids : 355, 5 g (batterie standard)<\/strong><\/p>\n<p><strong>Autonomie de la batterie : environ 11,5h\u00a0<\/strong><\/p>\n<p>Le pack standard comprend :<\/p>\n<ul>\n<li>Un portatif UHF<\/li>\n<li>Une antenne\u00a0haut ou bas de bande<\/li>\n<li>Une batterie Li-Ion<\/li>\n<li>Un chargeur micro USB<\/li>\n<li>Un clip ceinture<\/li>\n<li>Un guide d&rsquo;utilisation<\/li>\n<\/ul>\n<p>Pour les licences particuli\u00e8res (Wifi, G\u00e9olocalisation int\u00e9rieure, Cryptage AES256, Trasmit inhibit, Capacity Max &#8230;) <a href=\"http:\/\/lbc-systems.com\/nous-contacter\">Nous consulter<\/a>.<\/p>\n<p>&nbsp;<\/p>\n<h5><\/h5>\n<p><strong>Les s\u00e9ries \u00ab\u00a0e\u00a0\u00bb marquent une nouvelle g\u00e9n\u00e9ration de radios o\u00f9 la qualit\u00e9 audio, la sensibilit\u00e9 de la r\u00e9ception et la consommation d&rsquo;\u00e9nergie ont \u00e9t\u00e9 significativement am\u00e9lior\u00e9es. Elles sont d\u00e9sormais plus \u00e9tanches et int\u00e8grent aussi de nouvelles options :<\/strong><\/p>\n<p>&nbsp;<\/p>\n<ul>\n<li><span style=\"text-decoration: underline;\"><strong>Indoor g\u00e9oloc :<\/strong><\/span>\u00a0Permet de g\u00e9o localiser chaque radio en int\u00e9rieur. N\u00e9cessite l&rsquo;achat et l&rsquo;installation de balises Bluetooth et d&rsquo;un logiciel. (si vous ne poss\u00e9dez pas d\u00e9j\u00e0 un syst\u00e8me avec g\u00e9o localisation, nous vous conseillons de le confectionner via notre rubrique \u00ab\u00a0<a href=\"http:\/\/lbc-systems.com\/44-systemes\">nos syst\u00e8mes<\/a>\u00ab\u00a0)<br \/>\n<strong>&gt; Sur les mod\u00e8les finissant par 1e (ex : DP4401e) et le SL4010e<\/strong><\/li>\n<\/ul>\n<ul>\n<li><span style=\"text-decoration: underline;\"><strong>Bluetooth 4.0 :<\/strong><\/span> pour connecter vos accessoires audio\u00a0<strong>&gt; Sur les mod\u00e8les finissant par 1e (ex : DP4401e)<strong>\u00a0et le SL4010e<\/strong><\/strong><\/li>\n<\/ul>\n<ul>\n<li><span style=\"text-decoration: underline;\"><strong>Wi-Fi :<\/strong><\/span> Permet l&rsquo;\u00e9change de donn\u00e9es \u00e0 travers les mobiles ou portatifs (applications prochainement disponibles) Permet \u00e9galement des mises \u00e0 jour logiciel ou de programmation via wifi.\u00a0<strong>&gt; Sur les mod\u00e8les finissant par 1e (ex : DP4401e)\u00a0<strong>et le SL4010e<\/strong><\/strong><\/li>\n<\/ul>\n<ul>\n<li><span style=\"text-decoration: underline;\"><strong>Cryptage AES256 :<\/strong><\/span> Permet de crypter les communications (standard militaire)\u00a0<strong>&gt; Sur tous les mod\u00e8les DP3000e, DP4000e, SL4010e<\/strong><\/li>\n<\/ul>\n<ul>\n<li><span style=\"text-decoration: underline;\"><strong>Transmit inhibit :<\/strong><\/span> L&rsquo;\u00e9mission des radios ayant cette option peut \u00eatre coup\u00e9e \u00e0 distance (r\u00e9ception uniquement)\u00a0<strong>&gt; Sur tous les mod\u00e8les DP3000e, DP4000e, SL4010e<\/strong><\/li>\n<\/ul>\n<ul>\n<li><span style=\"text-decoration: underline;\"><strong>PTI :<\/strong><\/span> Protection du travailleur isol\u00e9, permet de d\u00e9clencher une alarme en cas de perte de verticalit\u00e9 ou absence de mouvements prolong\u00e9e\u00a0<strong>&gt; Sur les mod\u00e8les finissant par 1e (ex : DP4401e)<strong>\u00a0et le SL4010e<\/strong><\/strong><\/li>\n<\/ul>\n<ul>\n<li><span style=\"text-decoration: underline;\"><strong>Connect + mandown PTI :<\/strong><\/span> Protection du travailleur isol\u00e9, permet de d\u00e9clencher une alarme en cas de perte de verticalit\u00e9 ou absence de mouvements prolong\u00e9e. A UTILISER UNIQUEMENT AVEC LES SYSTEMES \u00ab\u00a0CONNECT +\u00a0\u00bb (nous consulter)<strong>&gt; Sur les mod\u00e8les finissant par 1e (ex : DP4401e)<strong>\u00a0et le SL4010e<\/strong><\/strong><\/li>\n<\/ul>\n<ul>\n<li><span style=\"text-decoration: underline;\"><strong>Capacity max :<\/strong><\/span> permet la compatibilit\u00e9 avec le syst\u00e8me \u00ab\u00a0capacity max\u00a0\u00bb (nous consulter)\u00a0<strong>&gt; Sur tous les mod\u00e8les DP3000e, DP4000e, SL4010e<\/strong><\/li>\n<\/ul>\n<p>&nbsp;<\/p>\n<div class=\"rte\">\n<h5>\u00a0 Ce produit est garantit 2 ans avec 5 ans de mise \u00e0 jour. Il est possible de prendre une extension de garantie standard de 5 ans (essentielle),\u00a0ou avec r\u00e9paration (avanc\u00e9e).<\/h5>\n<\/div>\n<h5><\/h5>\n","protected":false},"excerpt":{"rendered":"<p><strong>Portatif Num\u00e9rique 3 watts ultra-compact avec carte d&rsquo;options int\u00e9gr\u00e9e.<br \/>\n<\/strong><\/p>\n<p><strong>Ce talkie fait partie des nouvelles s\u00e9ries \u00ab\u00a0e\u00a0\u00bb plus performantes.<\/strong><\/p>\n<p>A savoir :\u00a0 Les mod\u00e8les SL4000, SL4010, et SL4000e ne sont plus commercialis\u00e9s<\/p>\n","protected":false},"featured_media":1123,"template":"","meta":[],"product_brand":[3074],"product_cat":[3067],"product_tag":[3261,3407],"class_list":{"0":"post-1131","1":"product","2":"type-product","3":"status-publish","4":"has-post-thumbnail","6":"product_brand-motorola","7":"product_cat-talkies-pro-motorola","8":"product_tag-sl4010e","9":"product_tag-uhf","11":"first","12":"instock","13":"featured","14":"shipping-taxable","15":"purchasable","16":"product-type-simple"},"_links":{"self":[{"href":"https:\/\/lebrascommunication.fr\/ventes\/wp-json\/wp\/v2\/product\/1131","targetHints":{"allow":["GET"]}}],"collection":[{"href":"https:\/\/lebrascommunication.fr\/ventes\/wp-json\/wp\/v2\/product"}],"about":[{"href":"https:\/\/lebrascommunication.fr\/ventes\/wp-json\/wp\/v2\/types\/product"}],"wp:featuredmedia":[{"embeddable":true,"href":"https:\/\/lebrascommunication.fr\/ventes\/wp-json\/wp\/v2\/media\/1123"}],"wp:attachment":[{"href":"https:\/\/lebrascommunication.fr\/ventes\/wp-json\/wp\/v2\/media?parent=1131"}],"wp:term":[{"taxonomy":"product_brand","embeddable":true,"href":"https:\/\/lebrascommunication.fr\/ventes\/wp-json\/wp\/v2\/product_brand?post=1131"},{"taxonomy":"product_cat","embeddable":true,"href":"https:\/\/lebrascommunication.fr\/ventes\/wp-json\/wp\/v2\/product_cat?post=1131"},{"taxonomy":"product_tag","embeddable":true,"href":"https:\/\/lebrascommunication.fr\/ventes\/wp-json\/wp\/v2\/product_tag?post=1131"}],"curies":[{"name":"wp","href":"https:\/\/api.w.org\/{rel}","templated":true}]}}