{"id":1112,"date":"2020-05-13T12:00:07","date_gmt":"2020-05-13T10:00:07","guid":{"rendered":"https:\/\/lebrascommunication.fr\/ventes\/produit\/logiciel-monitoring-relais-rdac\/"},"modified":"2025-10-24T11:36:19","modified_gmt":"2025-10-24T09:36:19","slug":"logiciel-monitoring-relais-rdac","status":"publish","type":"product","link":"https:\/\/lebrascommunication.fr\/ventes\/produit\/logiciel-monitoring-relais-rdac\/","title":{"rendered":"Logiciel monitoring relais RDAC"},"content":{"rendered":"<p>Logiciel de monitoring RDAC pour relais DMR Motorola DR3000, MTR3000, SLR1000, SLR5500 et SLR8000.<\/p>\n<p>Le logiciel RDAC (Repeater Diagnostic And Control) permet le monitoring en locale ou \u00e0 distance des fonctions vitales de vos relais ainsi que le contr\u00f4le de quelques param\u00e8tres.<\/p>\n<p>Motorola est le d\u00e9veloppeur de cette application compatible avec Windows uniquement.<\/p>\n<p><strong>Caract\u00e9ristiques:<\/strong><\/p>\n<ul>\n<li>Connectivit\u00e9: Via USB en connexion locale et via Ethernet sur r\u00e9seau (locale ou internet)<\/li>\n<li>Contr\u00f4les \u00e0 distance: r\u00e9initialisation,\u00a0s\u00e9lection de canal, niveau de puissance d&rsquo;\u00e9mission, mise en veille<\/li>\n<li>Affichage de tous les relais d&rsquo;un m\u00eame r\u00e9seau<\/li>\n<li>Alarmes: \u00e9metteur, VSWR, puissance, r\u00e9cepteur, ventilateurs, temp\u00e9rature, alimentation AC ou DC, \u00e9tat\u00a0et connexion de la batterie de secours, pour tous les relais DMR.<\/li>\n<li>Pour les s\u00e9ries DR et MTR: niveau de r\u00e9ception RSSI sur requ\u00eate.<\/li>\n<li>Pour les s\u00e9ries SLR: niveau de r\u00e9ception RSSI sur requ\u00eate, et alarmes suppl\u00e9mentaires\u00a0comprenant\u00a0la compatibilit\u00e9 des pi\u00e8ces de rechanges, et monitoring pouss\u00e9\u00a0permettant l&rsquo;affichage des valeurs de toutes les fonctions surveill\u00e9es (VSWR, puissance, tension&#8230;).<\/li>\n<li>Syst\u00e8mes compatibles: Motorola conventionnel analogique et num\u00e9rique DMR, IP Site Connect (IPSC),\u00a0 IPSC Link, Capacity Plus (C+), Linked Capacity Plus (LCP)<\/li>\n<li>Envoie automatis\u00e9 de mails en cas d&rsquo;alarme avec le type d&rsquo;alarme, l&rsquo;identit\u00e9 du relais et du site en alarme.<\/li>\n<\/ul>\n<p><strong>Notre avis :\u00a0<\/strong>indispensable pour les m\u00e9tiers \u00e0 risque. Pour des\u00a0infrastructures multi-site nous vous conseillons le logiciel Watch plus adapt\u00e9.<strong><br \/>\n<\/strong><\/p>\n","protected":false},"excerpt":{"rendered":"<p>Logiciel de monitoring Repeater Diagnostic And Control (RDAC)\u00a0pour relais DMR Motorola.<\/p>\n","protected":false},"featured_media":1110,"template":"","meta":[],"product_brand":[3074],"product_cat":[3096],"product_tag":[3243,3247,3244,3219,3201,3245,3246],"class_list":{"0":"post-1112","1":"product","2":"type-product","3":"status-publish","4":"has-post-thumbnail","6":"product_brand-motorola","7":"product_cat-accessoires-relais-motorola","8":"product_tag-dr3000","9":"product_tag-logiciel","10":"product_tag-mtr3000","11":"product_tag-relais","12":"product_tag-slr1000","13":"product_tag-slr5500","14":"product_tag-slr8000","16":"first","17":"instock","18":"shipping-taxable","19":"purchasable","20":"product-type-simple"},"_links":{"self":[{"href":"https:\/\/lebrascommunication.fr\/ventes\/wp-json\/wp\/v2\/product\/1112","targetHints":{"allow":["GET"]}}],"collection":[{"href":"https:\/\/lebrascommunication.fr\/ventes\/wp-json\/wp\/v2\/product"}],"about":[{"href":"https:\/\/lebrascommunication.fr\/ventes\/wp-json\/wp\/v2\/types\/product"}],"wp:featuredmedia":[{"embeddable":true,"href":"https:\/\/lebrascommunication.fr\/ventes\/wp-json\/wp\/v2\/media\/1110"}],"wp:attachment":[{"href":"https:\/\/lebrascommunication.fr\/ventes\/wp-json\/wp\/v2\/media?parent=1112"}],"wp:term":[{"taxonomy":"product_brand","embeddable":true,"href":"https:\/\/lebrascommunication.fr\/ventes\/wp-json\/wp\/v2\/product_brand?post=1112"},{"taxonomy":"product_cat","embeddable":true,"href":"https:\/\/lebrascommunication.fr\/ventes\/wp-json\/wp\/v2\/product_cat?post=1112"},{"taxonomy":"product_tag","embeddable":true,"href":"https:\/\/lebrascommunication.fr\/ventes\/wp-json\/wp\/v2\/product_tag?post=1112"}],"curies":[{"name":"wp","href":"https:\/\/api.w.org\/{rel}","templated":true}]}}