{"id":1106,"date":"2020-05-09T12:00:51","date_gmt":"2020-05-09T10:00:51","guid":{"rendered":"https:\/\/lebrascommunication.fr\/ventes\/produit\/micro-deporte-sl-tkl100i\/"},"modified":"2026-03-23T14:31:50","modified_gmt":"2026-03-23T13:31:50","slug":"micro-deporte-sl-tkl100i","status":"publish","type":"product","link":"https:\/\/lebrascommunication.fr\/ventes\/produit\/micro-deporte-sl-tkl100i\/","title":{"rendered":"Micro d\u00e9port\u00e9 SL et TLK100"},"content":{"rendered":"<p>Micro-Haut parleur d\u00e9port\u00e9 pour les talkies\u00a0SL4000, SL4010, SL4010e, SL2600, SL1600 et le wave TLK100i.<\/p>\n<p><strong>Caract\u00e9ristiques :<\/strong><\/p>\n<ul>\n<li>Fonctionne sur batterie: c\u00e2ble USB fournit pour la charge<\/li>\n<li>autonomie: 22h<\/li>\n<li>Temps de recharge: 2h environ<\/li>\n<li>Connecteur pour oreillette : jack 3,5mm<\/li>\n<li>Oreillette compatible: type Tube acoustique\u00a0PMLN7560A<\/li>\n<li>Bouton programmable : non<\/li>\n<li>Bouton de volume : non<\/li>\n<li>Temp\u00e9rature d&rsquo;utilisation: -20\u00b0 \u00e0 +60\u00b0 Celsius<\/li>\n<li>Technologie de r\u00e9duction du bruit de fond : oui (notamment en cas de vent)<\/li>\n<li>Indice de protection : IP67 (\u00e9tanche jusqu&rsquo;\u00e0 1 m\u00e8tre de profondeur)<\/li>\n<li>Pi\u00e8ces de remplacement: clip standard 42009312001,\u00a0clip alternatif 4205823V01, c\u00e2ble avec connecteur \u00a0PMKN4224A, et\u00a0batterie Li-Ion 1130mAH HKNN4014B.<\/li>\n<\/ul>\n<p><strong>Notre avis :<\/strong>\u00a0Plus lourd que les autres mod\u00e8les \u00e0 cause de l&rsquo;amplification et la batterie, c&rsquo;est la seule alternative filaire pour les SL. Sinon le mod\u00e8le bluetooth!<\/p>\n<p><strong>A savoir :<\/strong> Lorsqu&rsquo;on connecte une micro-oreillette au micro-d\u00e9port\u00e9, le haut-parleur se coupe.<\/p>\n","protected":false},"excerpt":{"rendered":"<p>Micro-Haut parleur d\u00e9port\u00e9 pour les talkies\u00a0SL4000, SL4010, SL4010e, SL2600, SL1600 et le wave TLK100i.<\/p>\n","protected":false},"featured_media":1041,"template":"","meta":[],"product_brand":[3074],"product_cat":[3163,3181],"product_tag":[3241,3224,3220,3260,3261,3262],"class_list":{"0":"post-1106","1":"product","2":"type-product","3":"status-publish","4":"has-post-thumbnail","6":"product_brand-motorola","7":"product_cat-accessoires-talkies-motorola","8":"product_cat-sl-tlk","9":"product_tag-micro-deporte","10":"product_tag-sl2600","11":"product_tag-sl4000","12":"product_tag-sl4010","13":"product_tag-sl4010e","14":"product_tag-tlk100i","16":"first","17":"instock","18":"shipping-taxable","19":"purchasable","20":"product-type-simple"},"_links":{"self":[{"href":"https:\/\/lebrascommunication.fr\/ventes\/wp-json\/wp\/v2\/product\/1106","targetHints":{"allow":["GET"]}}],"collection":[{"href":"https:\/\/lebrascommunication.fr\/ventes\/wp-json\/wp\/v2\/product"}],"about":[{"href":"https:\/\/lebrascommunication.fr\/ventes\/wp-json\/wp\/v2\/types\/product"}],"wp:featuredmedia":[{"embeddable":true,"href":"https:\/\/lebrascommunication.fr\/ventes\/wp-json\/wp\/v2\/media\/1041"}],"wp:attachment":[{"href":"https:\/\/lebrascommunication.fr\/ventes\/wp-json\/wp\/v2\/media?parent=1106"}],"wp:term":[{"taxonomy":"product_brand","embeddable":true,"href":"https:\/\/lebrascommunication.fr\/ventes\/wp-json\/wp\/v2\/product_brand?post=1106"},{"taxonomy":"product_cat","embeddable":true,"href":"https:\/\/lebrascommunication.fr\/ventes\/wp-json\/wp\/v2\/product_cat?post=1106"},{"taxonomy":"product_tag","embeddable":true,"href":"https:\/\/lebrascommunication.fr\/ventes\/wp-json\/wp\/v2\/product_tag?post=1106"}],"curies":[{"name":"wp","href":"https:\/\/api.w.org\/{rel}","templated":true}]}}