{"id":1098,"date":"2019-03-08T15:13:01","date_gmt":"2019-03-08T14:13:01","guid":{"rendered":"https:\/\/lebrascommunication.fr\/ventes\/produit\/kit-de-fixation-pour-accessoires-audio\/"},"modified":"2026-03-20T13:58:43","modified_gmt":"2026-03-20T12:58:43","slug":"kit-de-fixation-pour-accessoires-audio","status":"publish","type":"product","link":"https:\/\/lebrascommunication.fr\/ventes\/produit\/kit-de-fixation-pour-accessoires-audio\/","title":{"rendered":"Kit de fixation pour accessoires audio"},"content":{"rendered":"<p>Kit de fixation pour accessoires audio\u00a0pour les gammes de talkies CP, DP1400 et P100.<\/p>\n<p>Permet de garder les accessoires connect\u00e9s au talkie de fa\u00e7on s\u00fbr<\/p>\n","protected":false},"excerpt":{"rendered":"<p>Kit de fixation pour accessoires audio\u00a0pour les gammes de talkies CP, DP1400 et P100.<\/p>\n","protected":false},"featured_media":1091,"template":"","meta":[],"product_brand":[3272],"product_cat":[3163],"product_tag":[3793,3270,3242,3792,3358,3271],"class_list":{"0":"post-1098","1":"product","2":"type-product","3":"status-publish","4":"has-post-thumbnail","6":"product_brand-autres","7":"product_cat-accessoires-talkies-motorola","8":"product_tag-accessoires-audio","9":"product_tag-cp","10":"product_tag-dp1400","11":"product_tag-fixation","12":"product_tag-kit","13":"product_tag-p100","15":"first","16":"instock","17":"shipping-taxable","18":"purchasable","19":"product-type-simple"},"_links":{"self":[{"href":"https:\/\/lebrascommunication.fr\/ventes\/wp-json\/wp\/v2\/product\/1098","targetHints":{"allow":["GET"]}}],"collection":[{"href":"https:\/\/lebrascommunication.fr\/ventes\/wp-json\/wp\/v2\/product"}],"about":[{"href":"https:\/\/lebrascommunication.fr\/ventes\/wp-json\/wp\/v2\/types\/product"}],"wp:featuredmedia":[{"embeddable":true,"href":"https:\/\/lebrascommunication.fr\/ventes\/wp-json\/wp\/v2\/media\/1091"}],"wp:attachment":[{"href":"https:\/\/lebrascommunication.fr\/ventes\/wp-json\/wp\/v2\/media?parent=1098"}],"wp:term":[{"taxonomy":"product_brand","embeddable":true,"href":"https:\/\/lebrascommunication.fr\/ventes\/wp-json\/wp\/v2\/product_brand?post=1098"},{"taxonomy":"product_cat","embeddable":true,"href":"https:\/\/lebrascommunication.fr\/ventes\/wp-json\/wp\/v2\/product_cat?post=1098"},{"taxonomy":"product_tag","embeddable":true,"href":"https:\/\/lebrascommunication.fr\/ventes\/wp-json\/wp\/v2\/product_tag?post=1098"}],"curies":[{"name":"wp","href":"https:\/\/api.w.org\/{rel}","templated":true}]}}