{"id":1095,"date":"2017-10-02T21:24:33","date_gmt":"2017-10-02T19:24:33","guid":{"rendered":"https:\/\/lebrascommunication.fr\/ventes\/produit\/dp2600e\/"},"modified":"2026-03-23T12:11:05","modified_gmt":"2026-03-23T11:11:05","slug":"dp2600e","status":"publish","type":"product","link":"https:\/\/lebrascommunication.fr\/ventes\/produit\/dp2600e\/","title":{"rendered":"DP2600e"},"content":{"rendered":"<p><strong>Portatif analogique ET num\u00e9rique DMR avec \u00e9cran et clavier, 128 canaux. Ce talkie fait partie des nouvelles s\u00e9ries \u00ab\u00a0e\u00a0\u00bb plus performantes.<\/strong><\/p>\n<p><strong>Caract\u00e9ristiques:<\/strong><\/p>\n<ul>\n<li>Mode Analogique et num\u00e9rique DMR<\/li>\n<li>128 canaux*<\/li>\n<li>Appel individuel, de groupe, de flotte ou d&rsquo;urgence<\/li>\n<li>Ecran noir et blanc, et clavier simplifi\u00e9<\/li>\n<li>Scan des canaux avec priorit\u00e9*<\/li>\n<li>Tx interrupt pour la priorit\u00e9 d&rsquo;appel*<\/li>\n<li>Brouillage vocal simple et cryptage 40 bits sur licence*<\/li>\n<li>Traitement num\u00e9rique du son<\/li>\n<li>\u00c9mission \u00e0 commande vocale (VOX)*<\/li>\n<li>Tonalit\u00e9s d&rsquo;appel*<\/li>\n<li>Verrouillage de canal occup\u00e9*<\/li>\n<li>Fonction \u00ab\u00a0audio-intelligent\u00a0\u00bb : ajustement automatique du volume en fonction du bruit environnant<\/li>\n<li>Niveaux de puissance r\u00e9glables jusqu\u2019\u00e0 4W<em>\u00a0en UHF et 5W en VHF*<br \/>\n<\/em><\/li>\n<li>Espacement de canaux programmable<em>*<\/em><\/li>\n<li>2 boutons programmables*<\/li>\n<li>Direct mode en cas de panne relais*<\/li>\n<li>Indice de protection: IP67 (Prot\u00e9g\u00e9 contre la poussi\u00e8re et immersion non prolong\u00e9e)<\/li>\n<li>Syst\u00e8mes Conventionnel analogique ou num\u00e9rique DMR, IP Site Connect*<\/li>\n<li>Syst\u00e8mes Capacity Plus (C+) et Capacity Plus Multi-site (LCP) sur licence*<\/li>\n<li>Signalisation PL, DPL et 5 TONS*<\/li>\n<li>Logiciel Customer Programming Software (CPS) pour la programmation non fourni<\/li>\n<\/ul>\n<p><strong><br \/>\nCompatibilit\u00e9 syst\u00e8me relais :<\/strong><\/p>\n<ul>\n<li>Conventionnel analogique et num\u00e9rique DMR*<\/li>\n<li>Conventionnel DMR muli-sites IP site connect (IPSC)*<\/li>\n<li>Partag\u00e9 DMR site unique Capacity Plus (C+) sur licence payante*<\/li>\n<li>Partag\u00e9 multi-sites DMR Linked Capacity Plus (LCP) sur licence payante*<\/li>\n<\/ul>\n<p><em><br \/>\n(*)\u00a0<\/em>Ces fonctions doivent \u00eatre programm\u00e9es par nos soins avant utilisation.<\/p>\n<p>Bandes de fr\u00e9quence: VHF 136-174 MHz ou UHF 403-527 MHz<\/p>\n<p><strong><span class=\"bodycopy\">Autonomie: <\/span>10h en num\u00e9rique, 7h en analogique<\/strong><\/p>\n<p><strong>Dimensions:\u00a0 122 x 56 x 39, 4\u00a0mm<\/strong><\/p>\n<p><strong>Poids: 375 g<\/strong><\/p>\n<p>&nbsp;<\/p>\n<p><strong>Le pack standard comprend :<br \/>\n<\/strong><\/p>\n<ul>\n<li>Un portatif UHF ou VHF<\/li>\n<li>Une antenne<\/li>\n<li>Une batterie<\/li>\n<li><span class=\"modelno\">Une protection accessoire contre la poussi\u00e8re<\/span><\/li>\n<li>Une pince de ceinture<\/li>\n<li>Un guide d&rsquo;utilisation<\/li>\n<\/ul>\n<p>Pour les licences particuli\u00e8res (Wifi, Trasmit inhibit, Capacity Max &#8230;) Nous consulter.<\/p>\n<p>Pour les fr\u00e9quences particuli\u00e8res (<span class=\"tableData\">\u00a0300-360 MHz<\/span>\u00a0 ou\u00a0\u00a0<span class=\"tableData\">350-400 MHz ) Nous consulter.<\/span><\/p>\n<p>&nbsp;<\/p>\n<p><strong>Les s\u00e9ries \u00ab\u00a0e\u00a0\u00bb marquent une nouvelle g\u00e9n\u00e9ration de radios o\u00f9 la qualit\u00e9 audio, la sensibilit\u00e9 de la r\u00e9ception et la consommation d&rsquo;\u00e9nergie ont \u00e9t\u00e9 significativement am\u00e9lior\u00e9es. Elles sont d\u00e9sormais plus \u00e9tanches et int\u00e8grent aussi de nouvelles options :<br \/>\n<\/strong><\/p>\n<ul>\n<li><strong>Indoor g\u00e9oloc :<\/strong>\u00a0Permet de g\u00e9o localiser chaque radio en int\u00e9rieur. N\u00e9cessite l&rsquo;achat et l&rsquo;installation de balises Bluetooth et d&rsquo;un logiciel. (si vous ne poss\u00e9dez pas d\u00e9j\u00e0 un syst\u00e8me avec g\u00e9o localisation, nous vous conseillons de le confectionner via notre rubrique \u00ab\u00a0<a href=\"http:\/\/lbc-systems.com\/44-systemes\">nos syst\u00e8mes<\/a>\u00ab\u00a0)\u00a0<strong>&gt; Sur les mod\u00e8les finissant par 1e (ex : DP4401e) et le SL4010e<\/strong><\/li>\n<li><strong>Bluetooth 4.0 :<\/strong>\u00a0pour connecter vos accessoires audio\u00a0<strong>&gt; Sur les mod\u00e8les finissant par 1e (ex : DP4401e),<strong>\u00a0le SL4010e et SL2600, le DP2400e et DP2600e<\/strong><\/strong><\/li>\n<li><strong>Wi-Fi :<\/strong>\u00a0Permet l&rsquo;\u00e9change de donn\u00e9es \u00e0 travers les mobiles ou portatifs (applications prochainement disponibles) Permet \u00e9galement des mises \u00e0 jour logiciel ou de programmation via wifi.\u00a0<strong>&gt; Sur les mod\u00e8les finissant par 1e (ex : DP4401e)\u00a0<strong>et le SL4010e<\/strong><\/strong><\/li>\n<li><strong>Cryptage AES256 :<\/strong>\u00a0Permet de crypter les communications (standard militaire)\u00a0<strong>&gt; Sur tous les mod\u00e8les DP3000e, DP4000e, SL4010e<\/strong><\/li>\n<li><strong>Transmit inhibit :<\/strong>\u00a0L&rsquo;\u00e9mission des radios ayant cette option peut \u00eatre coup\u00e9e \u00e0 distance (r\u00e9ception uniquement)\u00a0<strong>&gt; Sur tous les mod\u00e8les DP3000e, DP4000e, SL4010e<\/strong><\/li>\n<li><strong>PTI :<\/strong>\u00a0Protection du travailleur isol\u00e9, permet de d\u00e9clencher une alarme en cas de perte de verticalit\u00e9 ou absence de mouvements prolong\u00e9e\u00a0<strong>&gt; Sur les mod\u00e8les finissant par 1e (ex : DP4401e)<strong>\u00a0et le SL4010e<\/strong><\/strong><\/li>\n<li><strong>Connect + mandown PTI :<\/strong>\u00a0Protection du travailleur isol\u00e9, permet de d\u00e9clencher une alarme en cas de perte de verticalit\u00e9 ou absence de mouvements prolong\u00e9e. A UTILISER UNIQUEMENT AVEC LES SYSTEMES \u00ab\u00a0CONNECT +\u00a0\u00bb (<a href=\"http:\/\/lbc-systems.com\/nous-contacter\">nous consulter<\/a>)<strong>&gt; Sur les mod\u00e8les finissant par 1e (ex : DP4401e)<strong>\u00a0et le SL4010e<\/strong><\/strong><\/li>\n<li><strong>Capacity max :<\/strong>\u00a0permet la compatibilit\u00e9 avec le syst\u00e8me \u00ab\u00a0capacity max\u00a0\u00bb (<a href=\"http:\/\/lbc-systems.com\/nous-contacter\">nous consulter<\/a>)\u00a0<strong>&gt; Sur tous les mod\u00e8les DP3000e, DP4000e, SL4010e<\/strong><\/li>\n<\/ul>\n<p>&nbsp;<\/p>\n<div class=\"rte\">\n<h5>\u00a0 Ce produit est garantit 2 ans avec 5 ans de mise \u00e0 jour. Il est possible de prendre une extension de garantie standard de 5 ans (essentielle),\u00a0ou avec r\u00e9paration (avanc\u00e9e).<\/h5>\n<\/div>\n","protected":false},"excerpt":{"rendered":"<p><strong>Portatif analogique ET num\u00e9rique DMR avec \u00e9cran et clavier, 128 canaux. <\/strong><\/p>\n<p><strong>Ce talkie fait partie des nouvelles s\u00e9ries \u00ab\u00a0e\u00a0\u00bb plus performantes.<\/strong><\/p>\n<p>Ce mod\u00e8le remplace d\u00e9sormais le DP2600.<\/p>\n<p>(Anciennes r\u00e9f\u00e9rences : UHF: MDH02RDH9JA2AN\u00a0 VHF: MDH02JDH9JA2AN)<\/p>\n","protected":false},"featured_media":1089,"template":"","meta":[],"product_brand":[3074],"product_cat":[3067],"product_tag":[3446],"class_list":{"0":"post-1095","1":"product","2":"type-product","3":"status-publish","4":"has-post-thumbnail","6":"product_brand-motorola","7":"product_cat-talkies-pro-motorola","8":"product_tag-dp2600e","10":"first","11":"instock","12":"shipping-taxable","13":"purchasable","14":"product-type-simple"},"_links":{"self":[{"href":"https:\/\/lebrascommunication.fr\/ventes\/wp-json\/wp\/v2\/product\/1095","targetHints":{"allow":["GET"]}}],"collection":[{"href":"https:\/\/lebrascommunication.fr\/ventes\/wp-json\/wp\/v2\/product"}],"about":[{"href":"https:\/\/lebrascommunication.fr\/ventes\/wp-json\/wp\/v2\/types\/product"}],"wp:featuredmedia":[{"embeddable":true,"href":"https:\/\/lebrascommunication.fr\/ventes\/wp-json\/wp\/v2\/media\/1089"}],"wp:attachment":[{"href":"https:\/\/lebrascommunication.fr\/ventes\/wp-json\/wp\/v2\/media?parent=1095"}],"wp:term":[{"taxonomy":"product_brand","embeddable":true,"href":"https:\/\/lebrascommunication.fr\/ventes\/wp-json\/wp\/v2\/product_brand?post=1095"},{"taxonomy":"product_cat","embeddable":true,"href":"https:\/\/lebrascommunication.fr\/ventes\/wp-json\/wp\/v2\/product_cat?post=1095"},{"taxonomy":"product_tag","embeddable":true,"href":"https:\/\/lebrascommunication.fr\/ventes\/wp-json\/wp\/v2\/product_tag?post=1095"}],"curies":[{"name":"wp","href":"https:\/\/api.w.org\/{rel}","templated":true}]}}