{"id":1088,"date":"2019-03-08T14:56:30","date_gmt":"2019-03-08T13:56:30","guid":{"rendered":"https:\/\/lebrascommunication.fr\/ventes\/produit\/casque-anti-bruit\/"},"modified":"2026-03-20T14:05:18","modified_gmt":"2026-03-20T13:05:18","slug":"casque-anti-bruit","status":"publish","type":"product","link":"https:\/\/lebrascommunication.fr\/ventes\/produit\/casque-anti-bruit\/","title":{"rendered":"Casque anti-bruit"},"content":{"rendered":"<p>Casque anti-bruit pour les gammes de talkies CP, DP1400 et P100.<\/p>\n<p><strong>Caract\u00e9ristiques :<\/strong><\/p>\n<ul>\n<li>Utilisation : Re\u00e7oit et transmet<\/li>\n<li>Alternat (Push To Talk) :\u00a0oui<\/li>\n<li>D\u00e9clenchement par la voix (VOX) :\u00a0oui via le switch<\/li>\n<li>Micro : oui<\/li>\n<li>Couleur : Noir<\/li>\n<li>R\u00e9duction des bruits : 24 dB<\/li>\n<li>Standard de s\u00e9curit\u00e9 intrins\u00e8que : non<\/li>\n<li>IP 54<\/li>\n<\/ul>\n","protected":false},"excerpt":{"rendered":"<p>Casque anti-bruit pour les gammes de talkies CP, DP1400 et P100.<\/p>\n","protected":false},"featured_media":1080,"template":"","meta":[],"product_brand":[3074],"product_cat":[3176,3163],"product_tag":[3649,3226,3270,3242,3271],"class_list":{"0":"post-1088","1":"product","2":"type-product","3":"status-publish","4":"has-post-thumbnail","6":"product_brand-motorola","7":"product_cat-r2-dp1400","8":"product_cat-accessoires-talkies-motorola","9":"product_tag-anti-bruit","10":"product_tag-casque","11":"product_tag-cp","12":"product_tag-dp1400","13":"product_tag-p100","15":"first","16":"instock","17":"shipping-taxable","18":"purchasable","19":"product-type-simple"},"_links":{"self":[{"href":"https:\/\/lebrascommunication.fr\/ventes\/wp-json\/wp\/v2\/product\/1088","targetHints":{"allow":["GET"]}}],"collection":[{"href":"https:\/\/lebrascommunication.fr\/ventes\/wp-json\/wp\/v2\/product"}],"about":[{"href":"https:\/\/lebrascommunication.fr\/ventes\/wp-json\/wp\/v2\/types\/product"}],"wp:featuredmedia":[{"embeddable":true,"href":"https:\/\/lebrascommunication.fr\/ventes\/wp-json\/wp\/v2\/media\/1080"}],"wp:attachment":[{"href":"https:\/\/lebrascommunication.fr\/ventes\/wp-json\/wp\/v2\/media?parent=1088"}],"wp:term":[{"taxonomy":"product_brand","embeddable":true,"href":"https:\/\/lebrascommunication.fr\/ventes\/wp-json\/wp\/v2\/product_brand?post=1088"},{"taxonomy":"product_cat","embeddable":true,"href":"https:\/\/lebrascommunication.fr\/ventes\/wp-json\/wp\/v2\/product_cat?post=1088"},{"taxonomy":"product_tag","embeddable":true,"href":"https:\/\/lebrascommunication.fr\/ventes\/wp-json\/wp\/v2\/product_tag?post=1088"}],"curies":[{"name":"wp","href":"https:\/\/api.w.org\/{rel}","templated":true}]}}