{"id":1077,"date":"2019-03-08T14:41:58","date_gmt":"2019-03-08T13:41:58","guid":{"rendered":"https:\/\/lebrascommunication.fr\/ventes\/produit\/micro-casque-ultra-leger-2\/"},"modified":"2026-03-20T13:48:14","modified_gmt":"2026-03-20T12:48:14","slug":"micro-casque-ultra-leger-2","status":"publish","type":"product","link":"https:\/\/lebrascommunication.fr\/ventes\/produit\/micro-casque-ultra-leger-2\/","title":{"rendered":"Micro casque ultra-l\u00e9ger"},"content":{"rendered":"<p>Micro casque ultra-l\u00e9ger\u00a0pour les gammes de talkies CP, DP1400 et P100.<\/p>\n<p>Le son est transmis par conduction osseuse ce qui permet de ne pas couvrir le bruit ambiant<\/p>\n<p><strong>Caract\u00e9ristiques :<\/strong><\/p>\n<ul>\n<li>Utilisation : Re\u00e7oit et transmet<\/li>\n<li>Alternat (Push To Talk) :\u00a0oui<\/li>\n<li>D\u00e9clenchement par la voix (VOX) :\u00a0oui<\/li>\n<li>Micro : oui<\/li>\n<li>Couleur : Noir<\/li>\n<li>Type d&rsquo;\u00e9couteur :\u00a0transmission osseuse<\/li>\n<li>Standard de s\u00e9curit\u00e9 intrins\u00e8que : non<\/li>\n<\/ul>\n","protected":false},"excerpt":{"rendered":"<p>Micro casque ultra-l\u00e9ger\u00a0pour les gammes de talkies CP, DP1400 et P100.<\/p>\n<p>Le son est transmis par conduction osseuse ce qui permet de ne pas couvrir le bruit ambiant<\/p>\n","protected":false},"featured_media":1065,"template":"","meta":[],"product_brand":[3074],"product_cat":[3067,3163],"product_tag":[3270,3242,3254,3271,3621],"class_list":{"0":"post-1077","1":"product","2":"type-product","3":"status-publish","4":"has-post-thumbnail","6":"product_brand-motorola","7":"product_cat-talkies-pro-motorola","8":"product_cat-accessoires-talkies-motorola","9":"product_tag-cp","10":"product_tag-dp1400","11":"product_tag-micro-casque","12":"product_tag-p100","13":"product_tag-ultra-leger","15":"first","16":"instock","17":"shipping-taxable","18":"purchasable","19":"product-type-simple"},"_links":{"self":[{"href":"https:\/\/lebrascommunication.fr\/ventes\/wp-json\/wp\/v2\/product\/1077","targetHints":{"allow":["GET"]}}],"collection":[{"href":"https:\/\/lebrascommunication.fr\/ventes\/wp-json\/wp\/v2\/product"}],"about":[{"href":"https:\/\/lebrascommunication.fr\/ventes\/wp-json\/wp\/v2\/types\/product"}],"wp:featuredmedia":[{"embeddable":true,"href":"https:\/\/lebrascommunication.fr\/ventes\/wp-json\/wp\/v2\/media\/1065"}],"wp:attachment":[{"href":"https:\/\/lebrascommunication.fr\/ventes\/wp-json\/wp\/v2\/media?parent=1077"}],"wp:term":[{"taxonomy":"product_brand","embeddable":true,"href":"https:\/\/lebrascommunication.fr\/ventes\/wp-json\/wp\/v2\/product_brand?post=1077"},{"taxonomy":"product_cat","embeddable":true,"href":"https:\/\/lebrascommunication.fr\/ventes\/wp-json\/wp\/v2\/product_cat?post=1077"},{"taxonomy":"product_tag","embeddable":true,"href":"https:\/\/lebrascommunication.fr\/ventes\/wp-json\/wp\/v2\/product_tag?post=1077"}],"curies":[{"name":"wp","href":"https:\/\/api.w.org\/{rel}","templated":true}]}}