{"id":1062,"date":"2019-03-08T14:31:13","date_gmt":"2019-03-08T13:31:13","guid":{"rendered":"https:\/\/lebrascommunication.fr\/ventes\/produit\/micro-casque-leger-3\/"},"modified":"2026-03-20T13:47:08","modified_gmt":"2026-03-20T12:47:08","slug":"micro-casque-leger-3","status":"publish","type":"product","link":"https:\/\/lebrascommunication.fr\/ventes\/produit\/micro-casque-leger-3\/","title":{"rendered":"Micro casque l\u00e9ger"},"content":{"rendered":"<p>Micro casque l\u00e9ger\u00a0pour les gammes de talkies CP, DP1400 et P100.<\/p>\n<p><strong>Caract\u00e9ristiques :<\/strong><\/p>\n<ul>\n<li>Utilisation : Re\u00e7oit et transmet<\/li>\n<li>Alternat (Push To Talk) : non<\/li>\n<li>D\u00e9clenchement par la voix (VOX) :\u00a0oui<\/li>\n<li>Micro : oui<\/li>\n<li>Couleur : Noir<\/li>\n<li>Nombre de fils : 1<\/li>\n<li>Type d&rsquo;\u00e9couteur : D mi-souple<\/li>\n<li>Standard de s\u00e9curit\u00e9 intrins\u00e8que : non<\/li>\n<\/ul>\n","protected":false},"excerpt":{"rendered":"<p>Micro casque l\u00e9ger\u00a0pour les gammes de talkies CP, DP1400 et P100.<\/p>\n","protected":false},"featured_media":1054,"template":"","meta":[],"product_brand":[3074],"product_cat":[3176,3163],"product_tag":[3270,3242,3254,3271],"class_list":{"0":"post-1062","1":"product","2":"type-product","3":"status-publish","4":"has-post-thumbnail","6":"product_brand-motorola","7":"product_cat-r2-dp1400","8":"product_cat-accessoires-talkies-motorola","9":"product_tag-cp","10":"product_tag-dp1400","11":"product_tag-micro-casque","12":"product_tag-p100","14":"first","15":"instock","16":"shipping-taxable","17":"purchasable","18":"product-type-simple"},"_links":{"self":[{"href":"https:\/\/lebrascommunication.fr\/ventes\/wp-json\/wp\/v2\/product\/1062","targetHints":{"allow":["GET"]}}],"collection":[{"href":"https:\/\/lebrascommunication.fr\/ventes\/wp-json\/wp\/v2\/product"}],"about":[{"href":"https:\/\/lebrascommunication.fr\/ventes\/wp-json\/wp\/v2\/types\/product"}],"wp:featuredmedia":[{"embeddable":true,"href":"https:\/\/lebrascommunication.fr\/ventes\/wp-json\/wp\/v2\/media\/1054"}],"wp:attachment":[{"href":"https:\/\/lebrascommunication.fr\/ventes\/wp-json\/wp\/v2\/media?parent=1062"}],"wp:term":[{"taxonomy":"product_brand","embeddable":true,"href":"https:\/\/lebrascommunication.fr\/ventes\/wp-json\/wp\/v2\/product_brand?post=1062"},{"taxonomy":"product_cat","embeddable":true,"href":"https:\/\/lebrascommunication.fr\/ventes\/wp-json\/wp\/v2\/product_cat?post=1062"},{"taxonomy":"product_tag","embeddable":true,"href":"https:\/\/lebrascommunication.fr\/ventes\/wp-json\/wp\/v2\/product_tag?post=1062"}],"curies":[{"name":"wp","href":"https:\/\/api.w.org\/{rel}","templated":true}]}}