{"id":1052,"date":"2018-01-17T10:37:56","date_gmt":"2018-01-17T09:37:56","guid":{"rendered":"https:\/\/lebrascommunication.fr\/ventes\/produit\/alimentation-secteur\/"},"modified":"2026-01-20T14:41:36","modified_gmt":"2026-01-20T13:41:36","slug":"alimentation-secteur","status":"publish","type":"product","link":"https:\/\/lebrascommunication.fr\/ventes\/produit\/alimentation-secteur\/","title":{"rendered":"Alimentation secteur"},"content":{"rendered":"<p>Alimentation secteur<\/p>\n<p>Ce mod\u00e8le remplace d\u00e9sormais le BC-123E<\/p>\n<p><strong>Caract\u00e9ristiques :<\/strong><\/p>\n<ul>\n<li>12 V<\/li>\n<li>1Ah<\/li>\n<\/ul>\n<p><strong>Talkies ICOM compatibles :<\/strong><\/p>\n<ul>\n<li>IC-A25CE<\/li>\n<li>IC-A25NE<\/li>\n<li>IC-M73EURO<\/li>\n<li>IC-M73EUROPLUS<\/li>\n<li>IC-M85E<\/li>\n<li>IC-M87 (choisir BC-123SE#72)<\/li>\n<li>IC-M93EURO (choisir BC-123SE#92)<\/li>\n<li>IF-F2000DM<\/li>\n<li>IF-F62DM<\/li>\n<\/ul>\n<p><strong>Lorsque rien n&rsquo;est pr\u00e9cis\u00e9, les deux mod\u00e8les sont compatibles<br \/>\n<\/strong><\/p>\n<p><strong>Chargeurs ICOM compatibles :<\/strong><\/p>\n<ul>\n<li>BC-190<\/li>\n<li>BC-191<\/li>\n<li>BC-193<\/li>\n<li>BC-205<\/li>\n<li>BC-210<\/li>\n<li>BC-212<\/li>\n<li>BC-213<\/li>\n<li>BC-219N<\/li>\n<li>BC-220<\/li>\n<li>BC-227<\/li>\n<\/ul>\n","protected":false},"excerpt":{"rendered":"<p>Alimentation secteur pour chargeurs ICOM<\/p>\n<p>Ce mod\u00e8le remplace d\u00e9sormais le BC-123E<\/p>\n<p><strong>Attention :<\/strong><\/p>\n<p>&#8211; Pour une utilisation avec le talkie IC-M87 choisir la version #72<\/p>\n<p>&#8211; Pour une utilisation avec le talkie IC-M93EURO choisir la version #92<\/p>\n","protected":false},"featured_media":1035,"template":"","meta":[],"product_brand":[3077],"product_cat":[3082],"product_tag":[3394,3629],"class_list":{"0":"post-1052","1":"product","2":"type-product","3":"status-publish","4":"has-post-thumbnail","6":"product_brand-icom","7":"product_cat-accessoires-talkies-pro-icom","8":"product_tag-12-v","9":"product_tag-alimentation-secteur","11":"first","12":"instock","13":"shipping-taxable","14":"purchasable","15":"product-type-simple"},"_links":{"self":[{"href":"https:\/\/lebrascommunication.fr\/ventes\/wp-json\/wp\/v2\/product\/1052","targetHints":{"allow":["GET"]}}],"collection":[{"href":"https:\/\/lebrascommunication.fr\/ventes\/wp-json\/wp\/v2\/product"}],"about":[{"href":"https:\/\/lebrascommunication.fr\/ventes\/wp-json\/wp\/v2\/types\/product"}],"wp:featuredmedia":[{"embeddable":true,"href":"https:\/\/lebrascommunication.fr\/ventes\/wp-json\/wp\/v2\/media\/1035"}],"wp:attachment":[{"href":"https:\/\/lebrascommunication.fr\/ventes\/wp-json\/wp\/v2\/media?parent=1052"}],"wp:term":[{"taxonomy":"product_brand","embeddable":true,"href":"https:\/\/lebrascommunication.fr\/ventes\/wp-json\/wp\/v2\/product_brand?post=1052"},{"taxonomy":"product_cat","embeddable":true,"href":"https:\/\/lebrascommunication.fr\/ventes\/wp-json\/wp\/v2\/product_cat?post=1052"},{"taxonomy":"product_tag","embeddable":true,"href":"https:\/\/lebrascommunication.fr\/ventes\/wp-json\/wp\/v2\/product_tag?post=1052"}],"curies":[{"name":"wp","href":"https:\/\/api.w.org\/{rel}","templated":true}]}}