{"id":1049,"date":"2019-03-08T14:20:37","date_gmt":"2019-03-08T13:20:37","guid":{"rendered":"https:\/\/lebrascommunication.fr\/ventes\/produit\/oreillette-avec-micro-rigide-mag-one\/"},"modified":"2026-03-20T14:00:08","modified_gmt":"2026-03-20T13:00:08","slug":"oreillette-avec-micro-rigide-mag-one","status":"publish","type":"product","link":"https:\/\/lebrascommunication.fr\/ventes\/produit\/oreillette-avec-micro-rigide-mag-one\/","title":{"rendered":"Oreillette avec micro rigide Mag-one"},"content":{"rendered":"<p>Micro-oreillette contour pour les gammes de talkies CP, DP1400 et P100.<\/p>\n<p><strong>Caract\u00e9ristiques :<\/strong><\/p>\n<ul>\n<li>Utilisation : Re\u00e7oit et transmet<\/li>\n<li>Alternat (Push To Talk) :\u00a0oui<\/li>\n<li>D\u00e9clenchement par la voix (VOX) :\u00a0oui<\/li>\n<li>Micro : oui\u00a0, rigide<\/li>\n<li>Couleur : Noir<\/li>\n<li>Nombre de fils : 1<\/li>\n<li>Type d&rsquo;\u00e9couteur : D mi-souple<\/li>\n<li>Standard de s\u00e9curit\u00e9 intrins\u00e8que : non<\/li>\n<\/ul>\n","protected":false},"excerpt":{"rendered":"<p>Micro-oreillette contour pour les gammes de talkies CP, DP1400 et P100.<\/p>\n","protected":false},"featured_media":1029,"template":"","meta":[],"product_brand":[3074],"product_cat":[3163],"product_tag":[3270,3242,3255,3334,3271],"class_list":{"0":"post-1049","1":"product","2":"type-product","3":"status-publish","4":"has-post-thumbnail","6":"product_brand-motorola","7":"product_cat-accessoires-talkies-motorola","8":"product_tag-cp","9":"product_tag-dp1400","10":"product_tag-magone","11":"product_tag-micro-oreillette","12":"product_tag-p100","14":"first","15":"instock","16":"shipping-taxable","17":"purchasable","18":"product-type-simple"},"_links":{"self":[{"href":"https:\/\/lebrascommunication.fr\/ventes\/wp-json\/wp\/v2\/product\/1049","targetHints":{"allow":["GET"]}}],"collection":[{"href":"https:\/\/lebrascommunication.fr\/ventes\/wp-json\/wp\/v2\/product"}],"about":[{"href":"https:\/\/lebrascommunication.fr\/ventes\/wp-json\/wp\/v2\/types\/product"}],"wp:featuredmedia":[{"embeddable":true,"href":"https:\/\/lebrascommunication.fr\/ventes\/wp-json\/wp\/v2\/media\/1029"}],"wp:attachment":[{"href":"https:\/\/lebrascommunication.fr\/ventes\/wp-json\/wp\/v2\/media?parent=1049"}],"wp:term":[{"taxonomy":"product_brand","embeddable":true,"href":"https:\/\/lebrascommunication.fr\/ventes\/wp-json\/wp\/v2\/product_brand?post=1049"},{"taxonomy":"product_cat","embeddable":true,"href":"https:\/\/lebrascommunication.fr\/ventes\/wp-json\/wp\/v2\/product_cat?post=1049"},{"taxonomy":"product_tag","embeddable":true,"href":"https:\/\/lebrascommunication.fr\/ventes\/wp-json\/wp\/v2\/product_tag?post=1049"}],"curies":[{"name":"wp","href":"https:\/\/api.w.org\/{rel}","templated":true}]}}