{"id":1046,"date":"2017-08-09T03:03:47","date_gmt":"2017-08-09T01:03:47","guid":{"rendered":"https:\/\/lebrascommunication.fr\/ventes\/produit\/micro-deporte-reducteur-de-bruits\/"},"modified":"2026-01-23T08:29:16","modified_gmt":"2026-01-23T07:29:16","slug":"micro-deporte-reducteur-de-bruits","status":"publish","type":"product","link":"https:\/\/lebrascommunication.fr\/ventes\/produit\/micro-deporte-reducteur-de-bruits\/","title":{"rendered":"Micro d\u00e9port\u00e9 r\u00e9ducteur de bruits"},"content":{"rendered":"<p>Micro d\u00e9port\u00e9 grand mod\u00e8le avec connecteur jack pour les gammes de talkies DP4000 et Astro APX ainsi que les versions \u00ab\u00a0e\u00a0\u00bb.<\/p>\n<p><strong>Caract\u00e9ristiques :<\/strong><\/p>\n<ul>\n<li>Alternat (Push to talk) : \u00e0 l&rsquo;avant et sur le c\u00f4t\u00e9<\/li>\n<li>Connecteur pour oreillette : jack 3.5 mm<\/li>\n<li>Connecteur NEXUS : oui<\/li>\n<li>Connecteur secondaire pour PMLN7188 tube acoustique, RMN4052B casque anti-bruits, GMMN4585 HC-1 Micro-casque 1 oreille et GMMN4584 HC-2micro-casque 2 oreilles<\/li>\n<li>Bouton programmable : oui<\/li>\n<li>Bouton d&rsquo;appel d&rsquo;urgence : oui<\/li>\n<li>Bouton de volume : oui (2 positions)<\/li>\n<li>Technologie de r\u00e9duction du bruit de fond : oui (en cas de vent)<\/li>\n<li>Indice de protection : IP67 (\u00e9tanche)<\/li>\n<li>Standard de s\u00e9curit\u00e9 intrins\u00e8que : non<\/li>\n<li>Pince de ceinture : oui (m\u00e9tallique et rotative)<\/li>\n<li>Fonction \u00ab\u00a0intelligent audio\u00a0\u00bb : oui (ajustement automatique du volume en fonction du bruit fond)<\/li>\n<\/ul>\n<p><strong>Attention : N\u00e9cessite minimum la version R2.7 du logiciel Motorbo<\/strong><\/p>\n","protected":false},"excerpt":{"rendered":"<p>Micro d\u00e9port\u00e9 r\u00e9ducteur de bruits durci avec connecteur jack et Nexus pour les gammes de talkies DP4000 et Astro APX ainsi que les versions \u00ab\u00a0e\u00a0\u00bb.<\/p>\n","protected":false},"featured_media":1044,"template":"","meta":[],"product_brand":[3074],"product_cat":[3163],"product_tag":[3343,3225,3241,3706],"class_list":{"0":"post-1046","1":"product","2":"type-product","3":"status-publish","4":"has-post-thumbnail","6":"product_brand-motorola","7":"product_cat-accessoires-talkies-motorola","8":"product_tag-astro-apx","9":"product_tag-dp4000","10":"product_tag-micro-deporte","11":"product_tag-reducteur-de-bruits","13":"first","14":"instock","15":"shipping-taxable","16":"purchasable","17":"product-type-simple"},"_links":{"self":[{"href":"https:\/\/lebrascommunication.fr\/ventes\/wp-json\/wp\/v2\/product\/1046","targetHints":{"allow":["GET"]}}],"collection":[{"href":"https:\/\/lebrascommunication.fr\/ventes\/wp-json\/wp\/v2\/product"}],"about":[{"href":"https:\/\/lebrascommunication.fr\/ventes\/wp-json\/wp\/v2\/types\/product"}],"wp:featuredmedia":[{"embeddable":true,"href":"https:\/\/lebrascommunication.fr\/ventes\/wp-json\/wp\/v2\/media\/1044"}],"wp:attachment":[{"href":"https:\/\/lebrascommunication.fr\/ventes\/wp-json\/wp\/v2\/media?parent=1046"}],"wp:term":[{"taxonomy":"product_brand","embeddable":true,"href":"https:\/\/lebrascommunication.fr\/ventes\/wp-json\/wp\/v2\/product_brand?post=1046"},{"taxonomy":"product_cat","embeddable":true,"href":"https:\/\/lebrascommunication.fr\/ventes\/wp-json\/wp\/v2\/product_cat?post=1046"},{"taxonomy":"product_tag","embeddable":true,"href":"https:\/\/lebrascommunication.fr\/ventes\/wp-json\/wp\/v2\/product_tag?post=1046"}],"curies":[{"name":"wp","href":"https:\/\/api.w.org\/{rel}","templated":true}]}}