{"id":1043,"date":"2017-08-09T02:28:40","date_gmt":"2017-08-09T00:28:40","guid":{"rendered":"https:\/\/lebrascommunication.fr\/ventes\/produit\/micro-deporte-milieux-bruyants-avec-sortie-audio\/"},"modified":"2026-01-26T12:07:13","modified_gmt":"2026-01-26T11:07:13","slug":"micro-deporte-milieux-bruyants-avec-sortie-audio","status":"publish","type":"product","link":"https:\/\/lebrascommunication.fr\/ventes\/produit\/micro-deporte-milieux-bruyants-avec-sortie-audio\/","title":{"rendered":"Micro d\u00e9port\u00e9 milieux bruyants avec sortie audio"},"content":{"rendered":"<p>Micro d\u00e9port\u00e9 grand mod\u00e8le avec connecteur jack pour milieux bruyants pour les gammes de talkies DP3000 et DP4000 ainsi que les versions \u00ab\u00a0e\u00a0\u00bb.<\/p>\n<p><strong>Caract\u00e9ristiques :<\/strong><\/p>\n<ul>\n<li>Connecteur pour oreillette : jack 3.5 mm<\/li>\n<li>Bouton programmable : non<\/li>\n<li>Bouton de volume : oui<\/li>\n<li>Technologie de r\u00e9duction du bruit de fond : oui (milieu bruyant)<\/li>\n<li>Indice de protection : IP54 (poussi\u00e8re et projections d&rsquo;eau)<\/li>\n<li>Standard de s\u00e9curit\u00e9 intrins\u00e8que : UL-TIA4950 avec les s\u00e9ries DP4000e<\/li>\n<\/ul>\n","protected":false},"excerpt":{"rendered":"<p>Micro d\u00e9port\u00e9 grand mod\u00e8le avec connecteur jack pour milieux bruyants pour les gammes de talkies DP3000 et DP4000 ainsi que les versions \u00ab\u00a0e\u00a0\u00bb.<\/p>\n","protected":false},"featured_media":1040,"template":"","meta":[],"product_brand":[3074],"product_cat":[3179,3163],"product_tag":[3192,3502,3225,3437,3241,3715],"class_list":{"0":"post-1043","1":"product","2":"type-product","3":"status-publish","4":"has-post-thumbnail","6":"product_brand-motorola","7":"product_cat-dp3000e","8":"product_cat-accessoires-talkies-motorola","9":"product_tag-dp3000","10":"product_tag-dp3000e","11":"product_tag-dp4000","12":"product_tag-dp4000e","13":"product_tag-micro-deporte","14":"product_tag-ul-tia4950","16":"first","17":"instock","18":"shipping-taxable","19":"purchasable","20":"product-type-simple"},"_links":{"self":[{"href":"https:\/\/lebrascommunication.fr\/ventes\/wp-json\/wp\/v2\/product\/1043","targetHints":{"allow":["GET"]}}],"collection":[{"href":"https:\/\/lebrascommunication.fr\/ventes\/wp-json\/wp\/v2\/product"}],"about":[{"href":"https:\/\/lebrascommunication.fr\/ventes\/wp-json\/wp\/v2\/types\/product"}],"wp:featuredmedia":[{"embeddable":true,"href":"https:\/\/lebrascommunication.fr\/ventes\/wp-json\/wp\/v2\/media\/1040"}],"wp:attachment":[{"href":"https:\/\/lebrascommunication.fr\/ventes\/wp-json\/wp\/v2\/media?parent=1043"}],"wp:term":[{"taxonomy":"product_brand","embeddable":true,"href":"https:\/\/lebrascommunication.fr\/ventes\/wp-json\/wp\/v2\/product_brand?post=1043"},{"taxonomy":"product_cat","embeddable":true,"href":"https:\/\/lebrascommunication.fr\/ventes\/wp-json\/wp\/v2\/product_cat?post=1043"},{"taxonomy":"product_tag","embeddable":true,"href":"https:\/\/lebrascommunication.fr\/ventes\/wp-json\/wp\/v2\/product_tag?post=1043"}],"curies":[{"name":"wp","href":"https:\/\/api.w.org\/{rel}","templated":true}]}}