{"id":1034,"date":"2020-05-08T20:26:41","date_gmt":"2020-05-08T18:26:41","guid":{"rendered":"https:\/\/lebrascommunication.fr\/ventes\/produit\/licence-relais-extended-range-direct-mode\/"},"modified":"2026-01-27T13:26:43","modified_gmt":"2026-01-27T12:26:43","slug":"licence-relais-extended-range-direct-mode","status":"publish","type":"product","link":"https:\/\/lebrascommunication.fr\/ventes\/produit\/licence-relais-extended-range-direct-mode\/","title":{"rendered":"Licence relais Extended range direct mode"},"content":{"rendered":"<p>Licence relais Extended range direct mode pour SLR1000, SLR5500 et SLR8000.<\/p>\n<p>Cette licence permet\u00a0d&rsquo;ajouter la fonction\u00a0Extended range direct mode \u00e0 vos relais.\u00a0Au lieu d&rsquo;utiliser 2 fr\u00e9quences pour l&rsquo;\u00e9mission et la r\u00e9ception, c&rsquo;est la m\u00eame fr\u00e9quence en \u00e9mission et en r\u00e9ception.<\/p>\n<p>Normalement ces relais g\u00e8rent deux canaux en num\u00e9rique DMR. En mode Extended range direct mode le premier canal du relais sert d&rsquo;\u00e9mission et le second sert de r\u00e9ception. Vous avez don un seul canal relay\u00e9 au lieu de deux dans ce mode de fonctionnement.<\/p>\n<p>Non\u00a0compatibles avec les syst\u00e8mes, num\u00e9rique conventionnel, IP Site Connect (IPSC), Capacity + (C+), et Capacity Plus Muti-sites (LCP) de Motorola.<\/p>\n<p>Plus d&rsquo;information dans\u00a0<a href=\"http:\/\/lbc-systems.com\/47-relais-numeriques\">nos pages relais<\/a>\u00a0sur les syst\u00e8mes IPSC, C+, LCP, Connect Plus, et Capacity MAX de Motorola.<\/p>\n<p>Une licence n\u00e9cessaire par relais.<\/p>\n<p><strong>Attention :\u00a0<\/strong>pour activer vous m\u00eame une licence, le logiciel CPS, le ou les c\u00e2bles de programmation compatibles avec vos radios, une connexion internet ainsi que le code fournit \u00e0 l&rsquo;achat de la licence seront n\u00e9cessaires.<\/p>\n<p><strong>Sinon, chez LBC Systems l&rsquo;activation des licences est gratuite !<\/strong><\/p>\n","protected":false},"excerpt":{"rendered":"<p>Licence relais Extended range direct mode pour SLR1000, SLR5500 et SLR8000.<\/p>\n","protected":false},"featured_media":1033,"template":"","meta":[],"product_brand":[3074],"product_cat":[3184,3096,3185],"product_tag":[3733,3258,3257,3201,3245,3246],"class_list":{"0":"post-1034","1":"product","2":"type-product","3":"status-publish","4":"has-post-thumbnail","6":"product_brand-motorola","7":"product_cat-slr1000","8":"product_cat-accessoires-relais-motorola","9":"product_cat-slr5500-slr8000","10":"product_tag-capacity","11":"product_tag-capacity-plus-multi-sites","12":"product_tag-licence","13":"product_tag-slr1000","14":"product_tag-slr5500","15":"product_tag-slr8000","17":"first","18":"instock","19":"shipping-taxable","20":"purchasable","21":"product-type-simple"},"_links":{"self":[{"href":"https:\/\/lebrascommunication.fr\/ventes\/wp-json\/wp\/v2\/product\/1034","targetHints":{"allow":["GET"]}}],"collection":[{"href":"https:\/\/lebrascommunication.fr\/ventes\/wp-json\/wp\/v2\/product"}],"about":[{"href":"https:\/\/lebrascommunication.fr\/ventes\/wp-json\/wp\/v2\/types\/product"}],"wp:featuredmedia":[{"embeddable":true,"href":"https:\/\/lebrascommunication.fr\/ventes\/wp-json\/wp\/v2\/media\/1033"}],"wp:attachment":[{"href":"https:\/\/lebrascommunication.fr\/ventes\/wp-json\/wp\/v2\/media?parent=1034"}],"wp:term":[{"taxonomy":"product_brand","embeddable":true,"href":"https:\/\/lebrascommunication.fr\/ventes\/wp-json\/wp\/v2\/product_brand?post=1034"},{"taxonomy":"product_cat","embeddable":true,"href":"https:\/\/lebrascommunication.fr\/ventes\/wp-json\/wp\/v2\/product_cat?post=1034"},{"taxonomy":"product_tag","embeddable":true,"href":"https:\/\/lebrascommunication.fr\/ventes\/wp-json\/wp\/v2\/product_tag?post=1034"}],"curies":[{"name":"wp","href":"https:\/\/api.w.org\/{rel}","templated":true}]}}