{"id":1028,"date":"2020-05-08T20:07:15","date_gmt":"2020-05-08T18:07:15","guid":{"rendered":"https:\/\/lebrascommunication.fr\/ventes\/produit\/licence-relais-digital-local-audio\/"},"modified":"2026-01-22T14:40:37","modified_gmt":"2026-01-22T13:40:37","slug":"licence-relais-digital-local-audio","status":"publish","type":"product","link":"https:\/\/lebrascommunication.fr\/ventes\/produit\/licence-relais-digital-local-audio\/","title":{"rendered":"Licence relais digital local audio"},"content":{"rendered":"<p>Licence relais\u00a0Digital\u00a0local audio pour\u00a0SLR8000.<\/p>\n<p>Cette licence permet\u00a0d&rsquo;ajouter la fonction\u00a0digital local audio \u00e0 vos relais.\u00a0Vous pouvez alors envoy\u00e9 un signal audio en continu dans le relais qui sera transmis en num\u00e9rique DMR vers vos radios.<\/p>\n<p>Fonction active uniquement en conventionnel num\u00e9rique.<\/p>\n<p>Plus d&rsquo;information dans\u00a0<a href=\"http:\/\/lbc-systems.com\/47-relais-numeriques\">nos pages relais<\/a>\u00a0sur les syst\u00e8mes IPSC, C+, LCP, Connect Plus, et Capacity MAX de Motorola.<\/p>\n<p>Une licence n\u00e9cessaire par relais.<\/p>\n<p>Fonction non disponible pour les relais DR3000, SLR1000 et SLR5500.<\/p>\n<p><strong>Attention :\u00a0<\/strong>pour activer vous m\u00eame une licence, le logiciel CPS, le ou les c\u00e2bles de programmation compatibles avec vos radios, une connexion internet ainsi que le code fournit \u00e0 l&rsquo;achat de la licence seront n\u00e9cessaires.<\/p>\n<p><strong>Sinon, chez LBC Systems l&rsquo;activation des licences est gratuite !<\/strong><\/p>\n","protected":false},"excerpt":{"rendered":"<p>Licence relais\u00a0Digital\u00a0local audio pour SLR8000.<\/p>\n","protected":false},"featured_media":1024,"template":"","meta":[],"product_brand":[3074],"product_cat":[3096,3185],"product_tag":[3645,3257,3219,3246],"class_list":{"0":"post-1028","1":"product","2":"type-product","3":"status-publish","4":"has-post-thumbnail","6":"product_brand-motorola","7":"product_cat-accessoires-relais-motorola","8":"product_cat-slr5500-slr8000","9":"product_tag-digital","10":"product_tag-licence","11":"product_tag-relais","12":"product_tag-slr8000","14":"first","15":"instock","16":"shipping-taxable","17":"purchasable","18":"product-type-simple"},"_links":{"self":[{"href":"https:\/\/lebrascommunication.fr\/ventes\/wp-json\/wp\/v2\/product\/1028","targetHints":{"allow":["GET"]}}],"collection":[{"href":"https:\/\/lebrascommunication.fr\/ventes\/wp-json\/wp\/v2\/product"}],"about":[{"href":"https:\/\/lebrascommunication.fr\/ventes\/wp-json\/wp\/v2\/types\/product"}],"wp:featuredmedia":[{"embeddable":true,"href":"https:\/\/lebrascommunication.fr\/ventes\/wp-json\/wp\/v2\/media\/1024"}],"wp:attachment":[{"href":"https:\/\/lebrascommunication.fr\/ventes\/wp-json\/wp\/v2\/media?parent=1028"}],"wp:term":[{"taxonomy":"product_brand","embeddable":true,"href":"https:\/\/lebrascommunication.fr\/ventes\/wp-json\/wp\/v2\/product_brand?post=1028"},{"taxonomy":"product_cat","embeddable":true,"href":"https:\/\/lebrascommunication.fr\/ventes\/wp-json\/wp\/v2\/product_cat?post=1028"},{"taxonomy":"product_tag","embeddable":true,"href":"https:\/\/lebrascommunication.fr\/ventes\/wp-json\/wp\/v2\/product_tag?post=1028"}],"curies":[{"name":"wp","href":"https:\/\/api.w.org\/{rel}","templated":true}]}}