{"id":1026,"date":"2017-08-09T00:40:35","date_gmt":"2017-08-08T22:40:35","guid":{"rendered":"https:\/\/lebrascommunication.fr\/ventes\/produit\/oreillette-pour-micro-deporte-2\/"},"modified":"2026-01-26T11:15:52","modified_gmt":"2026-01-26T10:15:52","slug":"oreillette-pour-micro-deporte-2","status":"publish","type":"product","link":"https:\/\/lebrascommunication.fr\/ventes\/produit\/oreillette-pour-micro-deporte-2\/","title":{"rendered":"Oreillette pour micro-d\u00e9port\u00e9"},"content":{"rendered":"<p>Oreillette l\u00e9g\u00e8re pour\u00a0micro d\u00e9port\u00e9s, cette oreillette s\u2019adapte au contour de l\u2019oreille.<\/p>\n<p><strong>Caract\u00e9ristiques :<\/strong><\/p>\n<ul>\n<li>Utilisation : Re\u00e7oit<\/li>\n<li>Nombre de fils : 1<\/li>\n<li>Couleur : noir<\/li>\n<li>Type d&rsquo;\u00e9couteur : type D<\/li>\n<li>Connecteur : jack 3.5 mm<\/li>\n<li>Standard de s\u00e9curit\u00e9 intrins\u00e8que : UL-TIA4950 avec les s\u00e9ries DP4000e \/ FM (lorsque connect\u00e9 \u00e0 un micro de m\u00eame standard)<\/li>\n<\/ul>\n<p>Un connecteur d\u2019\u00e9couteur situ\u00e9 sur certains microphones haut-parleur d\u00e9port\u00e9s permet de connecter cette oreillette en toute discr\u00e9tion.<\/p>\n<p><strong>Attention:<\/strong> le c\u00e2ble court ne permet pas une utilisation avec un portatif \u00e0 la ceinture.<\/p>\n<p><strong>Notre avis :<\/strong> Ce mod\u00e8le n&rsquo;est utile que si le standard de s\u00e9curit\u00e9 intrins\u00e8que UL-TIA4950 est n\u00e9cessaire. Si c&rsquo;est la cas, il faut que la radio, la batterie et le micro-d\u00e9port\u00e9 soient \u00e9galement \u00e0 la m\u00eame norme.<\/p>\n","protected":false},"excerpt":{"rendered":"<p>Oreillette pour\u00a0micro d\u00e9port\u00e9s.<\/p>\n","protected":false},"featured_media":1023,"template":"","meta":[],"product_brand":[3074],"product_cat":[3163],"product_tag":[3437,3726,3241,3334,3715],"class_list":{"0":"post-1026","1":"product","2":"type-product","3":"status-publish","4":"has-post-thumbnail","6":"product_brand-motorola","7":"product_cat-accessoires-talkies-motorola","8":"product_tag-dp4000e","9":"product_tag-fm","10":"product_tag-micro-deporte","11":"product_tag-micro-oreillette","12":"product_tag-ul-tia4950","14":"first","15":"instock","16":"shipping-taxable","17":"purchasable","18":"product-type-simple"},"_links":{"self":[{"href":"https:\/\/lebrascommunication.fr\/ventes\/wp-json\/wp\/v2\/product\/1026","targetHints":{"allow":["GET"]}}],"collection":[{"href":"https:\/\/lebrascommunication.fr\/ventes\/wp-json\/wp\/v2\/product"}],"about":[{"href":"https:\/\/lebrascommunication.fr\/ventes\/wp-json\/wp\/v2\/types\/product"}],"wp:featuredmedia":[{"embeddable":true,"href":"https:\/\/lebrascommunication.fr\/ventes\/wp-json\/wp\/v2\/media\/1023"}],"wp:attachment":[{"href":"https:\/\/lebrascommunication.fr\/ventes\/wp-json\/wp\/v2\/media?parent=1026"}],"wp:term":[{"taxonomy":"product_brand","embeddable":true,"href":"https:\/\/lebrascommunication.fr\/ventes\/wp-json\/wp\/v2\/product_brand?post=1026"},{"taxonomy":"product_cat","embeddable":true,"href":"https:\/\/lebrascommunication.fr\/ventes\/wp-json\/wp\/v2\/product_cat?post=1026"},{"taxonomy":"product_tag","embeddable":true,"href":"https:\/\/lebrascommunication.fr\/ventes\/wp-json\/wp\/v2\/product_tag?post=1026"}],"curies":[{"name":"wp","href":"https:\/\/api.w.org\/{rel}","templated":true}]}}