{"id":1021,"date":"2017-08-09T00:29:05","date_gmt":"2017-08-08T22:29:05","guid":{"rendered":"https:\/\/lebrascommunication.fr\/ventes\/produit\/oreillette-pour-micro-deporte\/"},"modified":"2026-01-08T16:54:21","modified_gmt":"2026-01-08T15:54:21","slug":"oreillette-pour-micro-deporte","status":"publish","type":"product","link":"https:\/\/lebrascommunication.fr\/ventes\/produit\/oreillette-pour-micro-deporte\/","title":{"rendered":"Oreillette pour micro-d\u00e9port\u00e9"},"content":{"rendered":"<p>Oreillette avec tube translucide jack 3,5 mm pour microphone d\u00e9port\u00e9.<\/p>\n<p>Oreillette l\u00e9g\u00e8re et souple pour\u00a0micro d\u00e9port\u00e9s, cette oreillette s\u2019adapte au contour de l\u2019oreille.<\/p>\n<p><strong>Caract\u00e9ristiques :<\/strong><\/p>\n<ul>\n<li>Utilisation : Re\u00e7oit<\/li>\n<li>Nombre de fils : 1<\/li>\n<li>Couleur : noir<\/li>\n<li>Type d&rsquo;\u00e9couteur : tube acoustique<\/li>\n<li>Connecteur : jack 3.5 mm<\/li>\n<li>Standard de s\u00e9curit\u00e9 intrins\u00e8que : non<\/li>\n<\/ul>\n<p>Un connecteur d\u2019\u00e9couteur situ\u00e9 sur certains microphones haut-parleur d\u00e9port\u00e9s permet de connecter cette oreillette en toute discr\u00e9tion.<\/p>\n<p><strong>Attention:<\/strong> le c\u00e2ble court ne permet pas une utilisation avec un portatif \u00e0 la ceinture.<\/p>\n","protected":false},"excerpt":{"rendered":"<p>Oreillette avec tube translucide jack 3,5 mm.<\/p>\n","protected":false},"featured_media":1018,"template":"","meta":[],"product_brand":[3074],"product_cat":[3176,3177,3179,3163,3178,3181],"product_tag":[3321,3538,3241,3334],"class_list":{"0":"post-1021","1":"product","2":"type-product","3":"status-publish","4":"has-post-thumbnail","6":"product_brand-motorola","7":"product_cat-r2-dp1400","8":"product_cat-r5-dp2000e","9":"product_cat-dp3000e","10":"product_cat-accessoires-talkies-motorola","11":"product_cat-r7","12":"product_cat-sl-tlk","13":"product_tag-adaptateur","14":"product_tag-jack","15":"product_tag-micro-deporte","16":"product_tag-micro-oreillette","18":"first","19":"instock","20":"shipping-taxable","21":"purchasable","22":"product-type-simple"},"_links":{"self":[{"href":"https:\/\/lebrascommunication.fr\/ventes\/wp-json\/wp\/v2\/product\/1021","targetHints":{"allow":["GET"]}}],"collection":[{"href":"https:\/\/lebrascommunication.fr\/ventes\/wp-json\/wp\/v2\/product"}],"about":[{"href":"https:\/\/lebrascommunication.fr\/ventes\/wp-json\/wp\/v2\/types\/product"}],"wp:featuredmedia":[{"embeddable":true,"href":"https:\/\/lebrascommunication.fr\/ventes\/wp-json\/wp\/v2\/media\/1018"}],"wp:attachment":[{"href":"https:\/\/lebrascommunication.fr\/ventes\/wp-json\/wp\/v2\/media?parent=1021"}],"wp:term":[{"taxonomy":"product_brand","embeddable":true,"href":"https:\/\/lebrascommunication.fr\/ventes\/wp-json\/wp\/v2\/product_brand?post=1021"},{"taxonomy":"product_cat","embeddable":true,"href":"https:\/\/lebrascommunication.fr\/ventes\/wp-json\/wp\/v2\/product_cat?post=1021"},{"taxonomy":"product_tag","embeddable":true,"href":"https:\/\/lebrascommunication.fr\/ventes\/wp-json\/wp\/v2\/product_tag?post=1021"}],"curies":[{"name":"wp","href":"https:\/\/api.w.org\/{rel}","templated":true}]}}