{"id":1020,"date":"2019-03-08T13:49:11","date_gmt":"2019-03-08T12:49:11","guid":{"rendered":"https:\/\/lebrascommunication.fr\/ventes\/produit\/kit-bruits-extremes-2\/"},"modified":"2026-01-30T10:06:06","modified_gmt":"2026-01-30T09:06:06","slug":"kit-bruits-extremes-2","status":"publish","type":"product","link":"https:\/\/lebrascommunication.fr\/ventes\/produit\/kit-bruits-extremes-2\/","title":{"rendered":"Kit bruits extr\u00e8mes beige"},"content":{"rendered":"<p>Tube acoustique de remplacement et bouchons sp\u00e9cifique pour les milieux bruyants, \u00e0 utiliser avec les kits de surveillance<\/p>\n<p>Couleur :\u00a0Beige<\/p>\n","protected":false},"excerpt":{"rendered":"<p>Tube acoustique\u00a0et bouchons sp\u00e9cifique pour les milieux bruyants<\/p>\n","protected":false},"featured_media":1011,"template":"","meta":[],"product_brand":[3272],"product_cat":[3273],"product_tag":[3256,3789,3358],"class_list":{"0":"post-1020","1":"product","2":"type-product","3":"status-publish","4":"has-post-thumbnail","6":"product_brand-autres","7":"product_cat-accessoires","8":"product_tag-beige","9":"product_tag-bruits-extremes","10":"product_tag-kit","12":"first","13":"instock","14":"shipping-taxable","15":"purchasable","16":"product-type-simple"},"_links":{"self":[{"href":"https:\/\/lebrascommunication.fr\/ventes\/wp-json\/wp\/v2\/product\/1020","targetHints":{"allow":["GET"]}}],"collection":[{"href":"https:\/\/lebrascommunication.fr\/ventes\/wp-json\/wp\/v2\/product"}],"about":[{"href":"https:\/\/lebrascommunication.fr\/ventes\/wp-json\/wp\/v2\/types\/product"}],"wp:featuredmedia":[{"embeddable":true,"href":"https:\/\/lebrascommunication.fr\/ventes\/wp-json\/wp\/v2\/media\/1011"}],"wp:attachment":[{"href":"https:\/\/lebrascommunication.fr\/ventes\/wp-json\/wp\/v2\/media?parent=1020"}],"wp:term":[{"taxonomy":"product_brand","embeddable":true,"href":"https:\/\/lebrascommunication.fr\/ventes\/wp-json\/wp\/v2\/product_brand?post=1020"},{"taxonomy":"product_cat","embeddable":true,"href":"https:\/\/lebrascommunication.fr\/ventes\/wp-json\/wp\/v2\/product_cat?post=1020"},{"taxonomy":"product_tag","embeddable":true,"href":"https:\/\/lebrascommunication.fr\/ventes\/wp-json\/wp\/v2\/product_tag?post=1020"}],"curies":[{"name":"wp","href":"https:\/\/api.w.org\/{rel}","templated":true}]}}