{"id":1012,"date":"2020-05-08T17:16:21","date_gmt":"2020-05-08T15:16:21","guid":{"rendered":"https:\/\/lebrascommunication.fr\/ventes\/produit\/licence-relais-digital-voting\/"},"modified":"2026-01-08T10:44:43","modified_gmt":"2026-01-08T09:44:43","slug":"licence-relais-digital-voting","status":"publish","type":"product","link":"https:\/\/lebrascommunication.fr\/ventes\/produit\/licence-relais-digital-voting\/","title":{"rendered":"Licence relais Digital voting"},"content":{"rendered":"<p>Licence relais\u00a0digital voting ou vote num\u00e9rique pour DR3000, SLR1000 et SLR5500.<\/p>\n<p>Cette licence permet\u00a0d&rsquo;ajouter la fonction\u00a0digital voting ou vote num\u00e9rique \u00e0 vos relais. Elle correspond \u00e0 l&rsquo;option de vote du meilleur signal re\u00e7u.<\/p>\n<p>Lorsque vous recevez le signal sur votre radio mais que celle-ci n&rsquo;arrive pas a joindre le relais (avec le SL4000 ou le DP4000 Atex qui sont moins puissant par exemple), vous pouvez installer un relais avec l&rsquo;option digital voting dans cette zone. Une fois reli\u00e9 par r\u00e9seau IP lorsqu&rsquo;une radio \u00e9met, les relais comparent les niveaux de r\u00e9ception, et le meilleur sert de r\u00e9cepteur.<\/p>\n<p>Vous pouvez installer plusieurs relais avec digital voting (ou relais satellites) sur un relais principal.<\/p>\n<p>Les relais satellites sont compatibles avec les syst\u00e8mes, num\u00e9rique conventionnel, IP Site Connect (IPSC), Capacity + (C+), et Capacity Plus Muti-sites (LCP) de Motorola.<\/p>\n<p>Plus d&rsquo;information dans\u00a0<a href=\"http:\/\/lbc-systems.com\/47-relais-numeriques\">nos pages relais<\/a>\u00a0sur les syst\u00e8mes IPSC, C+, LCP, Connect Plus, et Capacity MAX de Motorola.<\/p>\n<p>Une licence n\u00e9cessaire par relais.<\/p>\n<p>Licence diff\u00e9rente pour les relais MTR3000 et SLR8000: HKVN4238A<\/p>\n<p><strong>Attention :\u00a0<\/strong>pour activer vous m\u00eame une licence, le logiciel CPS, le ou les c\u00e2bles de programmation compatibles avec vos radios, une connexion internet ainsi que le code fournit \u00e0 l&rsquo;achat de la licence seront n\u00e9cessaires.<\/p>\n<p><strong>Sinon, chez LBC Systems l&rsquo;activation des licences est gratuite !<\/strong><\/p>\n","protected":false},"excerpt":{"rendered":"<p>Licence relais\u00a0Digital voting pour DR3000, SLR1000, et SLR5500.<\/p>\n","protected":false},"featured_media":1009,"template":"","meta":[],"product_brand":[3074],"product_cat":[3184,3096,3185],"product_tag":[3410,3258,3257,3219],"class_list":{"0":"post-1012","1":"product","2":"type-product","3":"status-publish","4":"has-post-thumbnail","6":"product_brand-motorola","7":"product_cat-slr1000","8":"product_cat-accessoires-relais-motorola","9":"product_cat-slr5500-slr8000","10":"product_tag-capacity-plus","11":"product_tag-capacity-plus-multi-sites","12":"product_tag-licence","13":"product_tag-relais","15":"first","16":"instock","17":"shipping-taxable","18":"purchasable","19":"product-type-simple"},"_links":{"self":[{"href":"https:\/\/lebrascommunication.fr\/ventes\/wp-json\/wp\/v2\/product\/1012","targetHints":{"allow":["GET"]}}],"collection":[{"href":"https:\/\/lebrascommunication.fr\/ventes\/wp-json\/wp\/v2\/product"}],"about":[{"href":"https:\/\/lebrascommunication.fr\/ventes\/wp-json\/wp\/v2\/types\/product"}],"wp:featuredmedia":[{"embeddable":true,"href":"https:\/\/lebrascommunication.fr\/ventes\/wp-json\/wp\/v2\/media\/1009"}],"wp:attachment":[{"href":"https:\/\/lebrascommunication.fr\/ventes\/wp-json\/wp\/v2\/media?parent=1012"}],"wp:term":[{"taxonomy":"product_brand","embeddable":true,"href":"https:\/\/lebrascommunication.fr\/ventes\/wp-json\/wp\/v2\/product_brand?post=1012"},{"taxonomy":"product_cat","embeddable":true,"href":"https:\/\/lebrascommunication.fr\/ventes\/wp-json\/wp\/v2\/product_cat?post=1012"},{"taxonomy":"product_tag","embeddable":true,"href":"https:\/\/lebrascommunication.fr\/ventes\/wp-json\/wp\/v2\/product_tag?post=1012"}],"curies":[{"name":"wp","href":"https:\/\/api.w.org\/{rel}","templated":true}]}}