{"id":1006,"date":"2020-05-08T16:54:15","date_gmt":"2020-05-08T14:54:15","guid":{"rendered":"https:\/\/lebrascommunication.fr\/ventes\/produit\/licence-relais-nai-data-3\/"},"modified":"2026-01-13T14:14:00","modified_gmt":"2026-01-13T13:14:00","slug":"licence-relais-nai-data-3","status":"publish","type":"product","link":"https:\/\/lebrascommunication.fr\/ventes\/produit\/licence-relais-nai-data-3\/","title":{"rendered":"Licence relais NAI data"},"content":{"rendered":"<p>Licence relais NAI\u00a0donn\u00e9es ou data pour MTR3000 et SLR8000.<\/p>\n<p>Cette licence permet\u00a0d&rsquo;ajouter la fonction Network Application Interface\u00a0data ou donn\u00e9es \u00e0 vos relais Capacity + (C+) et Capacity Plus Multi-sites (LCP). Elle correspond \u00e0 l&rsquo;acc\u00e8s aux donn\u00e9es \u00e0 travers un r\u00e9seau IP priv\u00e9 et\/ou public (internet).<\/p>\n<p>L&rsquo;acc\u00e8s\u00a0au data permet \u00e0 un logiciel de\u00a0transmettre et recevoir\u00a0des donn\u00e9es avec les radios. Les radios envoient alors leur \u00e9tat, niveau de charge, t\u00e9l\u00e9m\u00e9trie, position GPS, vitesse&#8230; selon la requ\u00eate.<\/p>\n<p>Le temps minimum entre chaque envoi de\u00a0position des radios dans un r\u00e9seau IP\u00a0est de 30 secondes en IPSC, C+ et LCP. En Capacity Max on est \u00e0 7,5 secondes minimum.<\/p>\n<p>Cette licence n\u00e9cessite la mise en place de serveur contenant les logiciels Motorola MNIS et le logiciel r\u00e9cup\u00e9rant les donn\u00e9es des radios (console de communication, affichage des positions sur carte&#8230;).<\/p>\n<p>Plus d&rsquo;information dans\u00a0<a href=\"http:\/\/lbc-systems.com\/47-relais-numeriques\">nos pages relais<\/a>\u00a0sur les syst\u00e8mes IPSC, C+, LCP, Connect Plus, et Capacity MAX de Motorola. Ainsi que dans nos pages\u00a0<a href=\"http:\/\/lbc-systems.com\/46-geolocalisation\">g\u00e9olocalisation<\/a> et <a href=\"http:\/\/lbc-systems.com\/538-supervision\">supervision<\/a>.<\/p>\n<p>Une licence n\u00e9cessaire par relais.<\/p>\n<p>Licence diff\u00e9rente pour les relais DR3000, SLR1000, et SLR5500: HKVN4212A<\/p>\n<p>Les mod\u00e8les de radios avec r\u00e9cepteur GPS finissent par 1 ou 1e chez Motorola<\/p>\n<p><strong>Attention :\u00a0<\/strong>pour activer vous m\u00eame une licence, le logiciel CPS, le ou les c\u00e2bles de programmation compatibles avec vos radios, une connexion internet ainsi que le code fournit \u00e0 l&rsquo;achat de la licence seront n\u00e9cessaires.<\/p>\n<p><strong>Sinon, chez LBC Systems l&rsquo;activation des licences est gratuite !<\/strong><\/p>\n","protected":false},"excerpt":{"rendered":"<p>Licence relais NAI\u00a0data\u00a0pour MTR3000 et SLR8000.<\/p>\n","protected":false},"featured_media":1001,"template":"","meta":[],"product_brand":[3074],"product_cat":[3096,3185],"product_tag":[3257,3244,3561,3219,3246],"class_list":{"0":"post-1006","1":"product","2":"type-product","3":"status-publish","4":"has-post-thumbnail","6":"product_brand-motorola","7":"product_cat-accessoires-relais-motorola","8":"product_cat-slr5500-slr8000","9":"product_tag-licence","10":"product_tag-mtr3000","11":"product_tag-nai-data","12":"product_tag-relais","13":"product_tag-slr8000","15":"first","16":"instock","17":"shipping-taxable","18":"purchasable","19":"product-type-simple"},"_links":{"self":[{"href":"https:\/\/lebrascommunication.fr\/ventes\/wp-json\/wp\/v2\/product\/1006","targetHints":{"allow":["GET"]}}],"collection":[{"href":"https:\/\/lebrascommunication.fr\/ventes\/wp-json\/wp\/v2\/product"}],"about":[{"href":"https:\/\/lebrascommunication.fr\/ventes\/wp-json\/wp\/v2\/types\/product"}],"wp:featuredmedia":[{"embeddable":true,"href":"https:\/\/lebrascommunication.fr\/ventes\/wp-json\/wp\/v2\/media\/1001"}],"wp:attachment":[{"href":"https:\/\/lebrascommunication.fr\/ventes\/wp-json\/wp\/v2\/media?parent=1006"}],"wp:term":[{"taxonomy":"product_brand","embeddable":true,"href":"https:\/\/lebrascommunication.fr\/ventes\/wp-json\/wp\/v2\/product_brand?post=1006"},{"taxonomy":"product_cat","embeddable":true,"href":"https:\/\/lebrascommunication.fr\/ventes\/wp-json\/wp\/v2\/product_cat?post=1006"},{"taxonomy":"product_tag","embeddable":true,"href":"https:\/\/lebrascommunication.fr\/ventes\/wp-json\/wp\/v2\/product_tag?post=1006"}],"curies":[{"name":"wp","href":"https:\/\/api.w.org\/{rel}","templated":true}]}}