{"id":1,"date":"2016-02-11T20:16:39","date_gmt":"2016-02-11T19:16:39","guid":{"rendered":"https:\/\/lebrascommunication.fr\/ventes\/produit\/micro-deporte-atex-avec-volume\/"},"modified":"2025-12-24T12:18:39","modified_gmt":"2025-12-24T11:18:39","slug":"micro-deporte-atex-avec-volume","status":"publish","type":"product","link":"https:\/\/lebrascommunication.fr\/ventes\/produit\/micro-deporte-atex-avec-volume\/","title":{"rendered":"Micro d\u00e9port\u00e9 ATEX avec volume"},"content":{"rendered":"<p>Micro d\u00e9port\u00e9 pour les gammes de talkies DP4000 ATEX.<\/p>\n<p><strong>Caract\u00e9ristiques :<\/strong><\/p>\n<ul>\n<li>Connecteur pour oreillette : non<\/li>\n<li>Bouton de volume : oui<\/li>\n<li>Bouton d&rsquo;urgence : oui<\/li>\n<li>Technologie de r\u00e9duction du bruit de fond : oui (notamment en cas de vent)<\/li>\n<li>Indice de protection : IP64<\/li>\n<li>Standard de s\u00e9curit\u00e9 intrins\u00e8que : ATEX (indice poussi\u00e8re : 2)<\/li>\n<\/ul>\n<p>Attention : La norme ATEX n&rsquo;est pas conserv\u00e9e lorsque ce micro-d\u00e9port\u00e9 est utilis\u00e9 avec les mod\u00e8les DP4000 ATEX Ma Minings (s\u00e9ries pour\u00a0 travail en mines)<\/p>\n","protected":false},"excerpt":{"rendered":"<p>Micro d\u00e9port\u00e9 pour les gammes de talkies DP4000 ATEX.<\/p>\n","protected":false},"featured_media":3667,"template":"","meta":[],"product_brand":[3074],"product_cat":[3163],"product_tag":[1153,3374,3241,3498],"class_list":{"0":"post-1","1":"product","2":"type-product","3":"status-publish","4":"has-post-thumbnail","6":"product_brand-motorola","7":"product_cat-accessoires-talkies-motorola","8":"product_tag-atex","9":"product_tag-dp4000-atex","10":"product_tag-micro-deporte","11":"product_tag-volume","13":"first","14":"instock","15":"shipping-taxable","16":"purchasable","17":"product-type-simple"},"_links":{"self":[{"href":"https:\/\/lebrascommunication.fr\/ventes\/wp-json\/wp\/v2\/product\/1","targetHints":{"allow":["GET"]}}],"collection":[{"href":"https:\/\/lebrascommunication.fr\/ventes\/wp-json\/wp\/v2\/product"}],"about":[{"href":"https:\/\/lebrascommunication.fr\/ventes\/wp-json\/wp\/v2\/types\/product"}],"wp:featuredmedia":[{"embeddable":true,"href":"https:\/\/lebrascommunication.fr\/ventes\/wp-json\/wp\/v2\/media\/3667"}],"wp:attachment":[{"href":"https:\/\/lebrascommunication.fr\/ventes\/wp-json\/wp\/v2\/media?parent=1"}],"wp:term":[{"taxonomy":"product_brand","embeddable":true,"href":"https:\/\/lebrascommunication.fr\/ventes\/wp-json\/wp\/v2\/product_brand?post=1"},{"taxonomy":"product_cat","embeddable":true,"href":"https:\/\/lebrascommunication.fr\/ventes\/wp-json\/wp\/v2\/product_cat?post=1"},{"taxonomy":"product_tag","embeddable":true,"href":"https:\/\/lebrascommunication.fr\/ventes\/wp-json\/wp\/v2\/product_tag?post=1"}],"curies":[{"name":"wp","href":"https:\/\/api.w.org\/{rel}","templated":true}]}}